{"id":17319,"date":"2018-02-06T18:23:07","date_gmt":"2018-02-06T16:23:07","guid":{"rendered":"https:\/\/octa.ee\/projektid\/sigmatic\/sertifikaadid-koolitus\/"},"modified":"2025-12-15T14:17:42","modified_gmt":"2025-12-15T12:17:42","slug":"certificates-insurance","status":"publish","type":"page","link":"https:\/\/sigmatic.ee\/en\/certificates-insurance\/","title":{"rendered":"Certificates \/ Insurance"},"content":{"rendered":"<div class=\"wpb-content-wrapper\"><p>[vc_row css_animation=&#8221;&#8221; row_type=&#8221;row&#8221; use_row_as_full_screen_section=&#8221;no&#8221; type=&#8221;grid&#8221; angled_section=&#8221;no&#8221; text_align=&#8221;left&#8221; background_image_as_pattern=&#8221;without_pattern&#8221; css=&#8221;.vc_custom_1517938697547{padding-top: 45px !important;padding-bottom: 45px !important;}&#8221; z_index=&#8221;&#8221;][vc_column width=&#8221;1\/3&#8243;][vc_single_image image=&#8221;16639&#8243; img_size=&#8221;full&#8221; qode_css_animation=&#8221;&#8221;][vc_separator type=&#8221;transparent&#8221; thickness=&#8221;10&#8243;][vc_column_text]<\/p>\n<h3>Finnish work safety training<\/h3>\n<p>Sigmatic O\u00dc employees have participated in the standard work safety training course organized by Finland&#8217;s Work Safety Centre and they have received the Finnish work safety certificate (the so-called green card or ty\u00f6turvallisuuskortti).[\/vc_column_text][\/vc_column][vc_column width=&#8221;1\/3&#8243;][vc_single_image image=&#8221;16642&#8243; img_size=&#8221;full&#8221; qode_css_animation=&#8221;&#8221;][vc_separator type=&#8221;transparent&#8221; thickness=&#8221;10&#8243;][vc_column_text]<\/p>\n<h3>Hot work training of Northern countries<\/h3>\n<p>Hot works (works involving sparks, open flames, or other heat that can be flammable &#8211; for example, welding or using the disc cutter) can be performed by people with the valid hot work certificate (Standard SFS 5900). Sigmatic O\u00dc employees have passed the relevant fire safety training and received the hot work certificate (so-called blue card or tulity\u00f6kortti). The hot work permission is registered in Finnish Rescue Services Centre (Soome P\u00e4\u00e4steala Keskliit &#8211; SPEK).[\/vc_column_text][\/vc_column][vc_column width=&#8221;1\/3&#8243;][vc_single_image image=&#8221;16651&#8243; img_size=&#8221;full&#8221; qode_css_animation=&#8221;&#8221;][vc_separator type=&#8221;transparent&#8221; thickness=&#8221;10&#8243;][vc_column_text]<\/p>\n<h3>WORKING WITH LIFTING DEVICES<\/h3>\n<p>Sigmatic O\u00dc employees have the job qualification certificate for using inner transport mobile machinery. Hoist drivers are allowed to work as the drivers of the inner transport mobile machinery (the loader with internal combustion engine and electric drive, stacker, and cart)<br \/>\n<strong>Training license issued in 2011.<\/strong>[\/vc_column_text][\/vc_column][\/vc_row][vc_row css_animation=&#8221;&#8221; row_type=&#8221;row&#8221; use_row_as_full_screen_section=&#8221;no&#8221; type=&#8221;full_width&#8221; angled_section=&#8221;no&#8221; text_align=&#8221;center&#8221; background_image_as_pattern=&#8221;without_pattern&#8221; z_index=&#8221;&#8221; css=&#8221;.vc_custom_1518030804728{background-color: #ededed !important;}&#8221;][vc_column width=&#8221;1\/4&#8243;][vc_single_image image=&#8221;16655&#8243; img_size=&#8221;full&#8221; alignment=&#8221;center&#8221; qode_css_animation=&#8221;&#8221;][\/vc_column][vc_column width=&#8221;1\/4&#8243;][vc_single_image image=&#8221;16648&#8243; img_size=&#8221;full&#8221; alignment=&#8221;center&#8221; qode_css_animation=&#8221;&#8221;][\/vc_column][vc_column width=&#8221;1\/4&#8243;][vc_single_image image=&#8221;16654&#8243; img_size=&#8221;full&#8221; alignment=&#8221;center&#8221; qode_css_animation=&#8221;&#8221;][\/vc_column][vc_column width=&#8221;1\/4&#8243;][vc_single_image image=&#8221;16656&#8243; img_size=&#8221;full&#8221; alignment=&#8221;center&#8221; qode_css_animation=&#8221;&#8221;][\/vc_column][\/vc_row][vc_row css_animation=&#8221;&#8221; row_type=&#8221;row&#8221; use_row_as_full_screen_section=&#8221;no&#8221; type=&#8221;grid&#8221; angled_section=&#8221;no&#8221; text_align=&#8221;left&#8221; background_image_as_pattern=&#8221;without_pattern&#8221; css=&#8221;.vc_custom_1517938704917{padding-top: 45px !important;padding-bottom: 45px !important;}&#8221; z_index=&#8221;&#8221;][vc_column width=&#8221;1\/2&#8243;][vc_column_text css=&#8221;&#8221;]<\/p>\n<h3>EMPLOYER&#8217;S LIABILITY INSURACE<\/h3>\n<p>(Employer&#8217;s Liability Insurance Policy No. 33880373\/1)<br \/>\n<strong>Valid from 21.03.2025 until 20.03.2026<\/strong>[\/vc_column_text][\/vc_column][vc_column width=&#8221;1\/2&#8243;][vc_column_text css=&#8221;&#8221;]<\/p>\n<h3>INSURANCE CERTIFICATE<\/h3>\n<p>(Insurance Certificate Policy No. 36200579\/1)<br \/>\nTerritory: European Union<br \/>\n<strong>Valid from 03.09.2025 until 02.09.2026<\/strong>[\/vc_column_text][\/vc_column][\/vc_row]<\/p>\n<\/div>","protected":false},"excerpt":{"rendered":"<p>[vc_row css_animation=&#8221;&#8221; row_type=&#8221;row&#8221; use_row_as_full_screen_section=&#8221;no&#8221; type=&#8221;grid&#8221; angled_section=&#8221;no&#8221; text_align=&#8221;left&#8221; background_image_as_pattern=&#8221;without_pattern&#8221; css=&#8221;.vc_custom_1517938697547{padding-top: 45px !important;padding-bottom: 45px !important;}&#8221; z_index=&#8221;&#8221;][vc_column width=&#8221;1\/3&#8243;][vc_single_image image=&#8221;16639&#8243; img_size=&#8221;full&#8221; qode_css_animation=&#8221;&#8221;][vc_separator type=&#8221;transparent&#8221; thickness=&#8221;10&#8243;][vc_column_text] Finnish work safety training Sigmatic O\u00dc employees have participated in the standard work safety training course organized by Finland&#8217;s Work Safety Centre and they have received the Finnish work safety certificate (the so-called green card or ty\u00f6turvallisuuskortti).[\/vc_column_text][\/vc_column][vc_column width=&#8221;1\/3&#8243;][vc_single_image image=&#8221;16642&#8243; img_size=&#8221;full&#8221; qode_css_animation=&#8221;&#8221;][vc_separator type=&#8221;transparent&#8221; thickness=&#8221;10&#8243;][vc_column_text] Hot work training of Northern countries Hot works (works involving sparks, open flames, or other heat that can be flammable &#8211; for example, welding or using the disc cutter) can be performed by people with the valid hot work certificate (Standard SFS 5900). Sigmatic O\u00dc employees have passed the relevant fire safety training and received the hot work certificate (so-called blue card or tulity\u00f6kortti). The hot work permission is registered in Finnish Rescue Services Centre (Soome P\u00e4\u00e4steala Keskliit &#8211; SPEK).[\/vc_column_text][\/vc_column][vc_column width=&#8221;1\/3&#8243;][vc_single_image image=&#8221;16651&#8243; img_size=&#8221;full&#8221; qode_css_animation=&#8221;&#8221;][vc_separator type=&#8221;transparent&#8221; thickness=&#8221;10&#8243;][vc_column_text] WORKING WITH LIFTING DEVICES Sigmatic O\u00dc employees have the job qualification certificate for using inner transport mobile machinery. Hoist drivers are allowed to work as the drivers of the inner transport mobile machinery (the loader with internal combustion engine and electric drive, stacker, and cart) Training license issued in 2011.[\/vc_column_text][\/vc_column][\/vc_row][vc_row css_animation=&#8221;&#8221; row_type=&#8221;row&#8221; use_row_as_full_screen_section=&#8221;no&#8221; type=&#8221;full_width&#8221; angled_section=&#8221;no&#8221; text_align=&#8221;center&#8221; background_image_as_pattern=&#8221;without_pattern&#8221; z_index=&#8221;&#8221; css=&#8221;.vc_custom_1518030804728{background-color: #ededed !important;}&#8221;][vc_column width=&#8221;1\/4&#8243;][vc_single_image image=&#8221;16655&#8243; img_size=&#8221;full&#8221; alignment=&#8221;center&#8221; qode_css_animation=&#8221;&#8221;][\/vc_column][vc_column width=&#8221;1\/4&#8243;][vc_single_image image=&#8221;16648&#8243; img_size=&#8221;full&#8221; alignment=&#8221;center&#8221; qode_css_animation=&#8221;&#8221;][\/vc_column][vc_column width=&#8221;1\/4&#8243;][vc_single_image image=&#8221;16654&#8243; img_size=&#8221;full&#8221; alignment=&#8221;center&#8221; qode_css_animation=&#8221;&#8221;][\/vc_column][vc_column width=&#8221;1\/4&#8243;][vc_single_image image=&#8221;16656&#8243; img_size=&#8221;full&#8221; alignment=&#8221;center&#8221; qode_css_animation=&#8221;&#8221;][\/vc_column][\/vc_row][vc_row css_animation=&#8221;&#8221; row_type=&#8221;row&#8221; use_row_as_full_screen_section=&#8221;no&#8221; type=&#8221;grid&#8221; angled_section=&#8221;no&#8221; text_align=&#8221;left&#8221; background_image_as_pattern=&#8221;without_pattern&#8221; css=&#8221;.vc_custom_1517938704917{padding-top: 45px !important;padding-bottom: 45px !important;}&#8221; z_index=&#8221;&#8221;][vc_column width=&#8221;1\/2&#8243;][vc_column_text css=&#8221;&#8221;] EMPLOYER&#8217;S LIABILITY INSURACE (Employer&#8217;s Liability Insurance Policy No. 33880373\/1) Valid from 21.03.2025 until 20.03.2026[\/vc_column_text][\/vc_column][vc_column width=&#8221;1\/2&#8243;][vc_column_text css=&#8221;&#8221;] INSURANCE CERTIFICATE (Insurance Certificate Policy No. 36200579\/1) Territory: European Union Valid from 03.09.2025 until 02.09.2026[\/vc_column_text][\/vc_column][\/vc_row]<\/p>\n","protected":false},"author":1,"featured_media":0,"parent":0,"menu_order":0,"comment_status":"closed","ping_status":"closed","template":"full_width.php","meta":{"footnotes":""},"class_list":["post-17319","page","type-page","status-publish","hentry"],"yoast_head":"<!-- This site is optimized with the Yoast SEO plugin v24.3 - https:\/\/yoast.com\/wordpress\/plugins\/seo\/ -->\n<title>Certificates \/ Insurance &#8212; Sigmatic<\/title>\n<meta name=\"description\" content=\"We will help you to fit up storage rooms, service and trade halls by transporting and installing ordered furniture. If needed we will provide a design service.\" \/>\n<meta name=\"robots\" content=\"index, follow, max-snippet:-1, max-image-preview:large, max-video-preview:-1\" \/>\n<link rel=\"canonical\" href=\"https:\/\/sigmatic.ee\/en\/certificates-insurance\/\" \/>\n<meta property=\"og:locale\" content=\"en_US\" \/>\n<meta property=\"og:type\" content=\"article\" \/>\n<meta property=\"og:title\" content=\"Certificates \/ Insurance &#8212; Sigmatic\" \/>\n<meta property=\"og:description\" content=\"We will help you to fit up storage rooms, service and trade halls by transporting and installing ordered furniture. If needed we will provide a design service.\" \/>\n<meta property=\"og:url\" content=\"https:\/\/sigmatic.ee\/en\/certificates-insurance\/\" \/>\n<meta property=\"og:site_name\" content=\"Sigmatic\" \/>\n<meta property=\"article:modified_time\" content=\"2025-12-15T12:17:42+00:00\" \/>\n<meta name=\"twitter:card\" content=\"summary_large_image\" \/>\n<meta name=\"twitter:label1\" content=\"Est. reading time\" \/>\n\t<meta name=\"twitter:data1\" content=\"3 minutes\" \/>\n<script type=\"application\/ld+json\" class=\"yoast-schema-graph\">{\"@context\":\"https:\/\/schema.org\",\"@graph\":[{\"@type\":\"WebPage\",\"@id\":\"https:\/\/sigmatic.ee\/en\/certificates-insurance\/\",\"url\":\"https:\/\/sigmatic.ee\/en\/certificates-insurance\/\",\"name\":\"Certificates \/ Insurance &#8212; Sigmatic\",\"isPartOf\":{\"@id\":\"https:\/\/sigmatic.ee\/en\/#website\"},\"datePublished\":\"2018-02-06T16:23:07+00:00\",\"dateModified\":\"2025-12-15T12:17:42+00:00\",\"description\":\"We will help you to fit up storage rooms, service and trade halls by transporting and installing ordered furniture. If needed we will provide a design service.\",\"breadcrumb\":{\"@id\":\"https:\/\/sigmatic.ee\/en\/certificates-insurance\/#breadcrumb\"},\"inLanguage\":\"en-US\",\"potentialAction\":[{\"@type\":\"ReadAction\",\"target\":[\"https:\/\/sigmatic.ee\/en\/certificates-insurance\/\"]}]},{\"@type\":\"BreadcrumbList\",\"@id\":\"https:\/\/sigmatic.ee\/en\/certificates-insurance\/#breadcrumb\",\"itemListElement\":[{\"@type\":\"ListItem\",\"position\":1,\"name\":\"Avaleht\",\"item\":\"https:\/\/sigmatic.ee\/en\/\"},{\"@type\":\"ListItem\",\"position\":2,\"name\":\"Certificates \/ Insurance\"}]},{\"@type\":\"WebSite\",\"@id\":\"https:\/\/sigmatic.ee\/en\/#website\",\"url\":\"https:\/\/sigmatic.ee\/en\/\",\"name\":\"Sigmatic\",\"description\":\"\",\"publisher\":{\"@id\":\"https:\/\/sigmatic.ee\/en\/#organization\"},\"potentialAction\":[{\"@type\":\"SearchAction\",\"target\":{\"@type\":\"EntryPoint\",\"urlTemplate\":\"https:\/\/sigmatic.ee\/en\/?s={search_term_string}\"},\"query-input\":{\"@type\":\"PropertyValueSpecification\",\"valueRequired\":true,\"valueName\":\"search_term_string\"}}],\"inLanguage\":\"en-US\"},{\"@type\":\"Organization\",\"@id\":\"https:\/\/sigmatic.ee\/en\/#organization\",\"name\":\"Sigmatic O\u00dc\",\"url\":\"https:\/\/sigmatic.ee\/en\/\",\"logo\":{\"@type\":\"ImageObject\",\"inLanguage\":\"en-US\",\"@id\":\"https:\/\/sigmatic.ee\/en\/#\/schema\/logo\/image\/\",\"url\":\"https:\/\/sigmatic.ee\/wp-content\/uploads\/2018\/01\/Sigmatic.png\",\"contentUrl\":\"https:\/\/sigmatic.ee\/wp-content\/uploads\/2018\/01\/Sigmatic.png\",\"width\":262,\"height\":75,\"caption\":\"Sigmatic O\u00dc\"},\"image\":{\"@id\":\"https:\/\/sigmatic.ee\/en\/#\/schema\/logo\/image\/\"}}]}<\/script>\n<!-- \/ Yoast SEO plugin. -->","yoast_head_json":{"title":"Certificates \/ Insurance &#8212; Sigmatic","description":"We will help you to fit up storage rooms, service and trade halls by transporting and installing ordered furniture. If needed we will provide a design service.","robots":{"index":"index","follow":"follow","max-snippet":"max-snippet:-1","max-image-preview":"max-image-preview:large","max-video-preview":"max-video-preview:-1"},"canonical":"https:\/\/sigmatic.ee\/en\/certificates-insurance\/","og_locale":"en_US","og_type":"article","og_title":"Certificates \/ Insurance &#8212; Sigmatic","og_description":"We will help you to fit up storage rooms, service and trade halls by transporting and installing ordered furniture. If needed we will provide a design service.","og_url":"https:\/\/sigmatic.ee\/en\/certificates-insurance\/","og_site_name":"Sigmatic","article_modified_time":"2025-12-15T12:17:42+00:00","twitter_card":"summary_large_image","twitter_misc":{"Est. reading time":"3 minutes"},"schema":{"@context":"https:\/\/schema.org","@graph":[{"@type":"WebPage","@id":"https:\/\/sigmatic.ee\/en\/certificates-insurance\/","url":"https:\/\/sigmatic.ee\/en\/certificates-insurance\/","name":"Certificates \/ Insurance &#8212; Sigmatic","isPartOf":{"@id":"https:\/\/sigmatic.ee\/en\/#website"},"datePublished":"2018-02-06T16:23:07+00:00","dateModified":"2025-12-15T12:17:42+00:00","description":"We will help you to fit up storage rooms, service and trade halls by transporting and installing ordered furniture. If needed we will provide a design service.","breadcrumb":{"@id":"https:\/\/sigmatic.ee\/en\/certificates-insurance\/#breadcrumb"},"inLanguage":"en-US","potentialAction":[{"@type":"ReadAction","target":["https:\/\/sigmatic.ee\/en\/certificates-insurance\/"]}]},{"@type":"BreadcrumbList","@id":"https:\/\/sigmatic.ee\/en\/certificates-insurance\/#breadcrumb","itemListElement":[{"@type":"ListItem","position":1,"name":"Avaleht","item":"https:\/\/sigmatic.ee\/en\/"},{"@type":"ListItem","position":2,"name":"Certificates \/ Insurance"}]},{"@type":"WebSite","@id":"https:\/\/sigmatic.ee\/en\/#website","url":"https:\/\/sigmatic.ee\/en\/","name":"Sigmatic","description":"","publisher":{"@id":"https:\/\/sigmatic.ee\/en\/#organization"},"potentialAction":[{"@type":"SearchAction","target":{"@type":"EntryPoint","urlTemplate":"https:\/\/sigmatic.ee\/en\/?s={search_term_string}"},"query-input":{"@type":"PropertyValueSpecification","valueRequired":true,"valueName":"search_term_string"}}],"inLanguage":"en-US"},{"@type":"Organization","@id":"https:\/\/sigmatic.ee\/en\/#organization","name":"Sigmatic O\u00dc","url":"https:\/\/sigmatic.ee\/en\/","logo":{"@type":"ImageObject","inLanguage":"en-US","@id":"https:\/\/sigmatic.ee\/en\/#\/schema\/logo\/image\/","url":"https:\/\/sigmatic.ee\/wp-content\/uploads\/2018\/01\/Sigmatic.png","contentUrl":"https:\/\/sigmatic.ee\/wp-content\/uploads\/2018\/01\/Sigmatic.png","width":262,"height":75,"caption":"Sigmatic O\u00dc"},"image":{"@id":"https:\/\/sigmatic.ee\/en\/#\/schema\/logo\/image\/"}}]}},"_links":{"self":[{"href":"https:\/\/sigmatic.ee\/en\/wp-json\/wp\/v2\/pages\/17319"}],"collection":[{"href":"https:\/\/sigmatic.ee\/en\/wp-json\/wp\/v2\/pages"}],"about":[{"href":"https:\/\/sigmatic.ee\/en\/wp-json\/wp\/v2\/types\/page"}],"author":[{"embeddable":true,"href":"https:\/\/sigmatic.ee\/en\/wp-json\/wp\/v2\/users\/1"}],"replies":[{"embeddable":true,"href":"https:\/\/sigmatic.ee\/en\/wp-json\/wp\/v2\/comments?post=17319"}],"version-history":[{"count":19,"href":"https:\/\/sigmatic.ee\/en\/wp-json\/wp\/v2\/pages\/17319\/revisions"}],"predecessor-version":[{"id":19008,"href":"https:\/\/sigmatic.ee\/en\/wp-json\/wp\/v2\/pages\/17319\/revisions\/19008"}],"wp:attachment":[{"href":"https:\/\/sigmatic.ee\/en\/wp-json\/wp\/v2\/media?parent=17319"}],"curies":[{"name":"wp","href":"https:\/\/api.w.org\/{rel}","templated":true}]}}