{"id":17228,"date":"2014-04-30T15:47:48","date_gmt":"2014-04-30T15:47:48","guid":{"rendered":"https:\/\/octa.ee\/projektid\/sigmatic\/avaleht\/"},"modified":"2020-01-21T11:14:44","modified_gmt":"2020-01-21T09:14:44","slug":"avaleht","status":"publish","type":"page","link":"https:\/\/sigmatic.ee\/fi\/","title":{"rendered":"Etusivu"},"content":{"rendered":"<div class=\"wpb-content-wrapper\"><p>[vc_row css_animation=&#8221;&#8221; row_type=&#8221;row&#8221; use_row_as_full_screen_section=&#8221;no&#8221; type=&#8221;grid&#8221; angled_section=&#8221;no&#8221; text_align=&#8221;left&#8221; background_image=&#8221;16998&#8243; background_image_as_pattern=&#8221;without_pattern&#8221; padding_bottom=&#8221;34&#8243; z_index=&#8221;&#8221;][vc_column][vc_row_inner row_type=&#8221;row&#8221; type=&#8221;full_width&#8221; text_align=&#8221;left&#8221; padding_top=&#8221;88&#8243; padding_bottom=&#8221;34&#8243; css_animation=&#8221;&#8221;][vc_column_inner][vc_column_text]<\/p>\n<h1 style=\"text-align: center; color: #000000;\">SIGMATIC O\u00dc<\/h1>\n<p>[\/vc_column_text][vc_separator type=&#8221;small&#8221; position=&#8221;center&#8221; color=&#8221;#1f548e&#8221;][vc_column_text]<\/p>\n<h4 style=\"text-align: center;\">Olemme Eestil\u00e4inen asennuspalveluja tarjoava yritys, Sigmatic O\u00dc Tallinnasta.<\/h4>\n<h4 style=\"text-align: center;\">Olemme eritt\u00e4in kilpailukykyinen asennusliike ja meihin kannattaa tutustua!<\/h4>\n<p>[\/vc_column_text][\/vc_column_inner][\/vc_row_inner][vc_row_inner row_type=&#8221;row&#8221; type=&#8221;full_width&#8221; text_align=&#8221;left&#8221; css_animation=&#8221;&#8221;][vc_column_inner width=&#8221;1\/2&#8243;]<div class='q_icon_with_title tiny circle '><div class=\"icon_holder q_icon_animation\" style=\" transition-delay: 100ms; -webkit-transition-delay: 100ms; -moz-transition-delay: 100ms; -o-transition-delay: 100ms;\"><span data-icon-type=\"circle\"   class=\"qode_iwt_icon_holder fa-stack fa-lg  \" style=\"font-size: 24px;border-color: #1f548e;background-color: #1f548e;\"><i class=\"qode_icon_font_awesome fa fa-clock-o qode_iwt_icon_element\" style=\"color: #ffffff;\" ><\/i><\/span><\/div><div class=\"icon_text_holder\" style=\"padding-left:72px;\"><div class=\"icon_text_inner\" style=\"\"><h5 class=\"icon_title\" style=\"\">AUTAMME TEIT\u00c4 S\u00c4\u00c4ST\u00c4M\u00c4\u00c4N AIKAA<\/h5><p style=''>Hoidamme tarvittavat neuvottelut suoraan valmistajan kanssa ja sopimaan rahdit ja tarkistamaan toimitusajat.<\/p><\/div><\/div><\/div>[vc_separator type=&#8221;transparent&#8221; up=&#8221;26&#8243; down=&#8221;24&#8243;][\/vc_column_inner][vc_column_inner width=&#8221;1\/2&#8243;]<div class='q_icon_with_title tiny circle '><div class=\"icon_holder q_icon_animation\" style=\" transition-delay: 200ms; -webkit-transition-delay: 200ms; -moz-transition-delay: 200ms; -o-transition-delay: 200ms;\"><span data-icon-type=\"circle\"   class=\"qode_iwt_icon_holder fa-stack fa-lg  \" style=\"font-size: 24px;border-color: #1f548e;background-color: #1f548e;\"><i class=\"qode_icon_font_awesome fa fa-car qode_iwt_icon_element\" style=\"color: #ffffff;\" ><\/i><\/span><\/div><div class=\"icon_text_holder\" style=\"padding-left:72px;\"><div class=\"icon_text_inner\" style=\"\"><h5 class=\"icon_title\" style=\"\">AUTAMME S\u00c4\u00c4ST\u00c4M\u00c4\u00c4N TEID\u00c4N TY\u00d6VOIMAKUSTANNUKSIA<\/h5><p style=''>Asennamme kaikki kalusteet ammattimaisesti.<\/p><\/div><\/div><\/div>[vc_separator type=&#8221;transparent&#8221; up=&#8221;26&#8243; down=&#8221;24&#8243;][\/vc_column_inner][\/vc_row_inner][vc_row_inner row_type=&#8221;row&#8221; type=&#8221;full_width&#8221; text_align=&#8221;left&#8221; css_animation=&#8221;&#8221;][vc_column_inner width=&#8221;1\/2&#8243;]<div class='q_icon_with_title tiny circle '><div class=\"icon_holder q_icon_animation\" style=\" transition-delay: 300ms; -webkit-transition-delay: 300ms; -moz-transition-delay: 300ms; -o-transition-delay: 300ms;\"><span data-icon-type=\"circle\"   class=\"qode_iwt_icon_holder fa-stack fa-lg  \" style=\"font-size: 24px;border-color: #1f548e;background-color: #1f548e;\"><i class=\"qode_icon_font_awesome fa fa-thermometer-half qode_iwt_icon_element\" style=\"color: #ffffff;\" ><\/i><\/span><\/div><div class=\"icon_text_holder\" style=\"padding-left:72px;\"><div class=\"icon_text_inner\" style=\"\"><h5 class=\"icon_title\" style=\"\">PIENENN\u00c4MME TEID\u00c4N RISKEJ\u00c4<\/h5><p style=''>Asennamme myym\u00e4l\u00e4kalusteet tai sitten varastokalusteet valmistajan vaatimusten mukaisesti, jotta v\u00e4ltet\u00e4\u00e4n vaurioita, joita voi aiheutua asennusvirheist\u00e4.<\/p><\/div><\/div><\/div>[vc_separator type=&#8221;transparent&#8221; up=&#8221;26&#8243; down=&#8221;24&#8243;][\/vc_column_inner][vc_column_inner width=&#8221;1\/2&#8243;]<div class='q_icon_with_title tiny circle '><div class=\"icon_holder q_icon_animation\" style=\" transition-delay: 400ms; -webkit-transition-delay: 400ms; -moz-transition-delay: 400ms; -o-transition-delay: 400ms;\"><span data-icon-type=\"circle\"   class=\"qode_iwt_icon_holder fa-stack fa-lg  \" style=\"font-size: 24px;border-color: #1f548e;background-color: #1f548e;\"><i class=\"qode_icon_font_awesome fa fa-certificate qode_iwt_icon_element\" style=\"color: #ffffff;\" ><\/i><\/span><\/div><div class=\"icon_text_holder\" style=\"padding-left:72px;\"><div class=\"icon_text_inner\" style=\"\"><h5 class=\"icon_title\" style=\"\">2. VUOTEEN TAKUU <\/h5><p style=''>2 (kahteen) vuoteen takuu tehdylle ty\u00f6lle.<\/p><\/div><\/div><\/div>[vc_separator type=&#8221;transparent&#8221; up=&#8221;26&#8243; down=&#8221;24&#8243;][\/vc_column_inner][\/vc_row_inner][vc_column_text]<\/p>\n<h1 style=\"text-align: center; color: #000000;\">ANSIOMERKIT<\/h1>\n<p>[\/vc_column_text][vc_separator type=&#8221;small&#8221; position=&#8221;center&#8221; color=&#8221;#1f548e&#8221; up=&#8221;17&#8243; down=&#8221;18&#8243;][vc_row_inner row_type=&#8221;row&#8221; type=&#8221;full_width&#8221; text_align=&#8221;left&#8221; css_animation=&#8221;&#8221;][vc_column_inner width=&#8221;1\/3&#8243;][vc_single_image image=&#8221;17371&#8243; alignment=&#8221;center&#8221; qode_css_animation=&#8221;&#8221;][\/vc_column_inner][vc_column_inner width=&#8221;1\/3&#8243;][vc_single_image image=&#8221;17463&#8243; alignment=&#8221;center&#8221; qode_css_animation=&#8221;&#8221;][\/vc_column_inner][vc_column_inner width=&#8221;1\/3&#8243;][vc_single_image image=&#8221;17369&#8243; alignment=&#8221;center&#8221; qode_css_animation=&#8221;&#8221;][\/vc_column_inner][\/vc_row_inner][vc_separator type=&#8221;transparent&#8221; thickness=&#8221;5&#8243;][vc_column_text]<\/p>\n<h1 style=\"text-align: center; color: #000000;\">YHTEISTY\u00d6KUMPPANIT<\/h1>\n<p>[\/vc_column_text][vc_separator type=&#8221;small&#8221; position=&#8221;center&#8221; color=&#8221;#1f548e&#8221; up=&#8221;17&#8243; down=&#8221;18&#8243;]<div class='qode_carousels_holder clearfix'><div class='qode_carousels' data-number-of-visible-items=''><ul class='slides'><li class='item'><div class=\"carousel_item_holder\"><span class='first_image_holder '><img decoding=\"async\" itemprop=\"image\" src=\"https:\/\/sigmatic.ee\/wp-content\/uploads\/2018\/01\/Krauta.png\" alt=\"carousel image\" \/><\/span><\/div><\/li><li class='item'><div class=\"carousel_item_holder\"><span class='first_image_holder '><img decoding=\"async\" itemprop=\"image\" src=\"https:\/\/sigmatic.ee\/wp-content\/uploads\/2018\/01\/Untitled-3.png\" alt=\"carousel image\" \/><\/span><\/div><\/li><li class='item'><div class=\"carousel_item_holder\"><span class='first_image_holder '><img decoding=\"async\" itemprop=\"image\" src=\"https:\/\/sigmatic.ee\/wp-content\/uploads\/2018\/01\/Laadur.png\" alt=\"carousel image\" \/><\/span><\/div><\/li><li class='item'><div class=\"carousel_item_holder\"><span class='first_image_holder '><img decoding=\"async\" itemprop=\"image\" src=\"https:\/\/sigmatic.ee\/wp-content\/uploads\/2018\/01\/Expedit.png\" alt=\"carousel image\" \/><\/span><\/div><\/li><li class='item'><div class=\"carousel_item_holder\"><span class='first_image_holder '><img decoding=\"async\" itemprop=\"image\" src=\"https:\/\/sigmatic.ee\/wp-content\/uploads\/2018\/01\/SSI-Schaefer.png\" alt=\"carousel image\" \/><\/span><\/div><\/li><li class='item'><div class=\"carousel_item_holder\"><a itemprop='url' href='https:\/\/www.k-rauta.fi\/' target='_self'><span class='first_image_holder '><img decoding=\"async\" itemprop=\"image\" src=\"https:\/\/sigmatic.ee\/wp-content\/uploads\/2018\/03\/Krauta-finland.png\" alt=\"carousel image\" \/><\/span><\/a><\/div><\/li><\/ul><\/div><\/div>[\/vc_column][\/vc_row]<\/p>\n<\/div>","protected":false},"excerpt":{"rendered":"<p>[vc_row css_animation=&#8221;&#8221; row_type=&#8221;row&#8221; use_row_as_full_screen_section=&#8221;no&#8221; type=&#8221;grid&#8221; angled_section=&#8221;no&#8221; text_align=&#8221;left&#8221; background_image=&#8221;16998&#8243; background_image_as_pattern=&#8221;without_pattern&#8221; padding_bottom=&#8221;34&#8243; z_index=&#8221;&#8221;][vc_column][vc_row_inner row_type=&#8221;row&#8221; type=&#8221;full_width&#8221; text_align=&#8221;left&#8221; padding_top=&#8221;88&#8243; padding_bottom=&#8221;34&#8243; css_animation=&#8221;&#8221;][vc_column_inner][vc_column_text] SIGMATIC O\u00dc [\/vc_column_text][vc_separator type=&#8221;small&#8221; position=&#8221;center&#8221; color=&#8221;#1f548e&#8221;][vc_column_text] Olemme Eestil\u00e4inen asennuspalveluja tarjoava yritys, Sigmatic O\u00dc Tallinnasta. Olemme eritt\u00e4in kilpailukykyinen asennusliike ja meihin kannattaa tutustua! [\/vc_column_text][\/vc_column_inner][\/vc_row_inner][vc_row_inner row_type=&#8221;row&#8221; type=&#8221;full_width&#8221; text_align=&#8221;left&#8221; css_animation=&#8221;&#8221;][vc_column_inner width=&#8221;1\/2&#8243;][vc_separator type=&#8221;transparent&#8221; up=&#8221;26&#8243; down=&#8221;24&#8243;][\/vc_column_inner][vc_column_inner width=&#8221;1\/2&#8243;][vc_separator type=&#8221;transparent&#8221; up=&#8221;26&#8243; down=&#8221;24&#8243;][\/vc_column_inner][\/vc_row_inner][vc_row_inner row_type=&#8221;row&#8221; type=&#8221;full_width&#8221; text_align=&#8221;left&#8221; css_animation=&#8221;&#8221;][vc_column_inner width=&#8221;1\/2&#8243;][vc_separator type=&#8221;transparent&#8221; up=&#8221;26&#8243; down=&#8221;24&#8243;][\/vc_column_inner][vc_column_inner width=&#8221;1\/2&#8243;][vc_separator type=&#8221;transparent&#8221; up=&#8221;26&#8243; down=&#8221;24&#8243;][\/vc_column_inner][\/vc_row_inner][vc_column_text] ANSIOMERKIT [\/vc_column_text][vc_separator type=&#8221;small&#8221; position=&#8221;center&#8221; color=&#8221;#1f548e&#8221; up=&#8221;17&#8243; down=&#8221;18&#8243;][vc_row_inner row_type=&#8221;row&#8221; type=&#8221;full_width&#8221; text_align=&#8221;left&#8221; css_animation=&#8221;&#8221;][vc_column_inner width=&#8221;1\/3&#8243;][vc_single_image image=&#8221;17371&#8243; alignment=&#8221;center&#8221; qode_css_animation=&#8221;&#8221;][\/vc_column_inner][vc_column_inner width=&#8221;1\/3&#8243;][vc_single_image image=&#8221;17463&#8243; alignment=&#8221;center&#8221; qode_css_animation=&#8221;&#8221;][\/vc_column_inner][vc_column_inner width=&#8221;1\/3&#8243;][vc_single_image image=&#8221;17369&#8243; alignment=&#8221;center&#8221; qode_css_animation=&#8221;&#8221;][\/vc_column_inner][\/vc_row_inner][vc_separator type=&#8221;transparent&#8221; thickness=&#8221;5&#8243;][vc_column_text] YHTEISTY\u00d6KUMPPANIT [\/vc_column_text][vc_separator type=&#8221;small&#8221; position=&#8221;center&#8221; color=&#8221;#1f548e&#8221; up=&#8221;17&#8243; down=&#8221;18&#8243;][\/vc_column][\/vc_row]<\/p>\n","protected":false},"author":1,"featured_media":0,"parent":0,"menu_order":0,"comment_status":"open","ping_status":"open","template":"full_width.php","meta":{"footnotes":""},"class_list":["post-17228","page","type-page","status-publish","hentry"],"yoast_head":"<!-- This site is optimized with the Yoast SEO plugin v24.3 - https:\/\/yoast.com\/wordpress\/plugins\/seo\/ -->\n<title>Sigmatic &#8212; Olemme Eestil\u00e4inen asennuspalveluja tarjoava yritys<\/title>\n<meta name=\"description\" content=\"Olemme Eestil\u00e4inen asennuspalveluja tarjoava yritys, Sigmatic O\u00dc Tallinnasta. Olemme eritt\u00e4in kilpailukykyinen asennusliike ja meihin kannattaa tutustua!\" \/>\n<meta name=\"robots\" content=\"index, follow, max-snippet:-1, max-image-preview:large, max-video-preview:-1\" \/>\n<link rel=\"canonical\" href=\"https:\/\/sigmatic.ee\/fi\/\" \/>\n<meta property=\"og:locale\" content=\"fi_FI\" \/>\n<meta property=\"og:type\" content=\"article\" \/>\n<meta property=\"og:title\" content=\"Sigmatic &#8212; Olemme Eestil\u00e4inen asennuspalveluja tarjoava yritys\" \/>\n<meta property=\"og:description\" content=\"Olemme Eestil\u00e4inen asennuspalveluja tarjoava yritys, Sigmatic O\u00dc Tallinnasta. Olemme eritt\u00e4in kilpailukykyinen asennusliike ja meihin kannattaa tutustua!\" \/>\n<meta property=\"og:url\" content=\"https:\/\/sigmatic.ee\/fi\/\" \/>\n<meta property=\"og:site_name\" content=\"Sigmatic\" \/>\n<meta property=\"article:modified_time\" content=\"2020-01-21T09:14:44+00:00\" \/>\n<meta name=\"twitter:card\" content=\"summary_large_image\" \/>\n<meta name=\"twitter:label1\" content=\"Arvioitu lukuaika\" \/>\n\t<meta name=\"twitter:data1\" content=\"3 minuuttia\" \/>\n<script type=\"application\/ld+json\" class=\"yoast-schema-graph\">{\"@context\":\"https:\/\/schema.org\",\"@graph\":[{\"@type\":\"WebPage\",\"@id\":\"https:\/\/sigmatic.ee\/fi\/\",\"url\":\"https:\/\/sigmatic.ee\/fi\/\",\"name\":\"Sigmatic &#8212; Olemme Eestil\u00e4inen asennuspalveluja tarjoava yritys\",\"isPartOf\":{\"@id\":\"https:\/\/sigmatic.ee\/fi\/#website\"},\"datePublished\":\"2014-04-30T15:47:48+00:00\",\"dateModified\":\"2020-01-21T09:14:44+00:00\",\"description\":\"Olemme Eestil\u00e4inen asennuspalveluja tarjoava yritys, Sigmatic O\u00dc Tallinnasta. Olemme eritt\u00e4in kilpailukykyinen asennusliike ja meihin kannattaa tutustua!\",\"breadcrumb\":{\"@id\":\"https:\/\/sigmatic.ee\/fi\/#breadcrumb\"},\"inLanguage\":\"fi\",\"potentialAction\":[{\"@type\":\"ReadAction\",\"target\":[\"https:\/\/sigmatic.ee\/fi\/\"]}]},{\"@type\":\"BreadcrumbList\",\"@id\":\"https:\/\/sigmatic.ee\/fi\/#breadcrumb\",\"itemListElement\":[{\"@type\":\"ListItem\",\"position\":1,\"name\":\"Avaleht\",\"item\":\"https:\/\/sigmatic.ee\/fi\/\"},{\"@type\":\"ListItem\",\"position\":2,\"name\":\"Etusivu\"}]},{\"@type\":\"WebSite\",\"@id\":\"https:\/\/sigmatic.ee\/fi\/#website\",\"url\":\"https:\/\/sigmatic.ee\/fi\/\",\"name\":\"Sigmatic\",\"description\":\"\",\"publisher\":{\"@id\":\"https:\/\/sigmatic.ee\/fi\/#organization\"},\"potentialAction\":[{\"@type\":\"SearchAction\",\"target\":{\"@type\":\"EntryPoint\",\"urlTemplate\":\"https:\/\/sigmatic.ee\/fi\/?s={search_term_string}\"},\"query-input\":{\"@type\":\"PropertyValueSpecification\",\"valueRequired\":true,\"valueName\":\"search_term_string\"}}],\"inLanguage\":\"fi\"},{\"@type\":\"Organization\",\"@id\":\"https:\/\/sigmatic.ee\/fi\/#organization\",\"name\":\"Sigmatic O\u00dc\",\"url\":\"https:\/\/sigmatic.ee\/fi\/\",\"logo\":{\"@type\":\"ImageObject\",\"inLanguage\":\"fi\",\"@id\":\"https:\/\/sigmatic.ee\/fi\/#\/schema\/logo\/image\/\",\"url\":\"https:\/\/sigmatic.ee\/wp-content\/uploads\/2018\/01\/Sigmatic.png\",\"contentUrl\":\"https:\/\/sigmatic.ee\/wp-content\/uploads\/2018\/01\/Sigmatic.png\",\"width\":262,\"height\":75,\"caption\":\"Sigmatic O\u00dc\"},\"image\":{\"@id\":\"https:\/\/sigmatic.ee\/fi\/#\/schema\/logo\/image\/\"}}]}<\/script>\n<!-- \/ Yoast SEO plugin. -->","yoast_head_json":{"title":"Sigmatic &#8212; Olemme Eestil\u00e4inen asennuspalveluja tarjoava yritys","description":"Olemme Eestil\u00e4inen asennuspalveluja tarjoava yritys, Sigmatic O\u00dc Tallinnasta. Olemme eritt\u00e4in kilpailukykyinen asennusliike ja meihin kannattaa tutustua!","robots":{"index":"index","follow":"follow","max-snippet":"max-snippet:-1","max-image-preview":"max-image-preview:large","max-video-preview":"max-video-preview:-1"},"canonical":"https:\/\/sigmatic.ee\/fi\/","og_locale":"fi_FI","og_type":"article","og_title":"Sigmatic &#8212; Olemme Eestil\u00e4inen asennuspalveluja tarjoava yritys","og_description":"Olemme Eestil\u00e4inen asennuspalveluja tarjoava yritys, Sigmatic O\u00dc Tallinnasta. Olemme eritt\u00e4in kilpailukykyinen asennusliike ja meihin kannattaa tutustua!","og_url":"https:\/\/sigmatic.ee\/fi\/","og_site_name":"Sigmatic","article_modified_time":"2020-01-21T09:14:44+00:00","twitter_card":"summary_large_image","twitter_misc":{"Arvioitu lukuaika":"3 minuuttia"},"schema":{"@context":"https:\/\/schema.org","@graph":[{"@type":"WebPage","@id":"https:\/\/sigmatic.ee\/fi\/","url":"https:\/\/sigmatic.ee\/fi\/","name":"Sigmatic &#8212; Olemme Eestil\u00e4inen asennuspalveluja tarjoava yritys","isPartOf":{"@id":"https:\/\/sigmatic.ee\/fi\/#website"},"datePublished":"2014-04-30T15:47:48+00:00","dateModified":"2020-01-21T09:14:44+00:00","description":"Olemme Eestil\u00e4inen asennuspalveluja tarjoava yritys, Sigmatic O\u00dc Tallinnasta. Olemme eritt\u00e4in kilpailukykyinen asennusliike ja meihin kannattaa tutustua!","breadcrumb":{"@id":"https:\/\/sigmatic.ee\/fi\/#breadcrumb"},"inLanguage":"fi","potentialAction":[{"@type":"ReadAction","target":["https:\/\/sigmatic.ee\/fi\/"]}]},{"@type":"BreadcrumbList","@id":"https:\/\/sigmatic.ee\/fi\/#breadcrumb","itemListElement":[{"@type":"ListItem","position":1,"name":"Avaleht","item":"https:\/\/sigmatic.ee\/fi\/"},{"@type":"ListItem","position":2,"name":"Etusivu"}]},{"@type":"WebSite","@id":"https:\/\/sigmatic.ee\/fi\/#website","url":"https:\/\/sigmatic.ee\/fi\/","name":"Sigmatic","description":"","publisher":{"@id":"https:\/\/sigmatic.ee\/fi\/#organization"},"potentialAction":[{"@type":"SearchAction","target":{"@type":"EntryPoint","urlTemplate":"https:\/\/sigmatic.ee\/fi\/?s={search_term_string}"},"query-input":{"@type":"PropertyValueSpecification","valueRequired":true,"valueName":"search_term_string"}}],"inLanguage":"fi"},{"@type":"Organization","@id":"https:\/\/sigmatic.ee\/fi\/#organization","name":"Sigmatic O\u00dc","url":"https:\/\/sigmatic.ee\/fi\/","logo":{"@type":"ImageObject","inLanguage":"fi","@id":"https:\/\/sigmatic.ee\/fi\/#\/schema\/logo\/image\/","url":"https:\/\/sigmatic.ee\/wp-content\/uploads\/2018\/01\/Sigmatic.png","contentUrl":"https:\/\/sigmatic.ee\/wp-content\/uploads\/2018\/01\/Sigmatic.png","width":262,"height":75,"caption":"Sigmatic O\u00dc"},"image":{"@id":"https:\/\/sigmatic.ee\/fi\/#\/schema\/logo\/image\/"}}]}},"_links":{"self":[{"href":"https:\/\/sigmatic.ee\/fi\/wp-json\/wp\/v2\/pages\/17228"}],"collection":[{"href":"https:\/\/sigmatic.ee\/fi\/wp-json\/wp\/v2\/pages"}],"about":[{"href":"https:\/\/sigmatic.ee\/fi\/wp-json\/wp\/v2\/types\/page"}],"author":[{"embeddable":true,"href":"https:\/\/sigmatic.ee\/fi\/wp-json\/wp\/v2\/users\/1"}],"replies":[{"embeddable":true,"href":"https:\/\/sigmatic.ee\/fi\/wp-json\/wp\/v2\/comments?post=17228"}],"version-history":[{"count":6,"href":"https:\/\/sigmatic.ee\/fi\/wp-json\/wp\/v2\/pages\/17228\/revisions"}],"predecessor-version":[{"id":17467,"href":"https:\/\/sigmatic.ee\/fi\/wp-json\/wp\/v2\/pages\/17228\/revisions\/17467"}],"wp:attachment":[{"href":"https:\/\/sigmatic.ee\/fi\/wp-json\/wp\/v2\/media?parent=17228"}],"curies":[{"name":"wp","href":"https:\/\/api.w.org\/{rel}","templated":true}]}}