{"id":17289,"date":"2018-02-06T18:27:37","date_gmt":"2018-02-06T16:27:37","guid":{"rendered":"https:\/\/octa.ee\/projektid\/sigmatic\/koostoopartnerid\/"},"modified":"2025-12-15T14:24:41","modified_gmt":"2025-12-15T12:24:41","slug":"yhteistyokumppanit","status":"publish","type":"page","link":"https:\/\/sigmatic.ee\/fi\/yhteistyokumppanit\/","title":{"rendered":"Yhteisty\u00f6kumppanit"},"content":{"rendered":"<div class=\"wpb-content-wrapper\"><p>[vc_row css_animation=&#8221;&#8221; row_type=&#8221;row&#8221; use_row_as_full_screen_section=&#8221;no&#8221; type=&#8221;full_width&#8221; angled_section=&#8221;no&#8221; text_align=&#8221;left&#8221; background_image_as_pattern=&#8221;without_pattern&#8221;][vc_column width=&#8221;1\/3&#8243;][vc_single_image image=&#8221;18965&#8243; img_size=&#8221;300&#215;150&#8243; alignment=&#8221;center&#8221; onclick=&#8221;custom_link&#8221; img_link_target=&#8221;_blank&#8221; css=&#8221;&#8221; qode_css_animation=&#8221;&#8221; link=&#8221;https:\/\/www.ssi-schaefer.com\/&#8221;][\/vc_column][vc_column width=&#8221;1\/3&#8243;][vc_single_image image=&#8221;16501&#8243; img_size=&#8221;300&#215;150&#8243; alignment=&#8221;center&#8221; onclick=&#8221;custom_link&#8221; img_link_target=&#8221;_blank&#8221; qode_css_animation=&#8221;&#8221; link=&#8221;https:\/\/www.k-rauta.ee&#8221;][\/vc_column][vc_column width=&#8221;1\/3&#8243;][vc_single_image image=&#8221;16507&#8243; img_size=&#8221;300&#215;150&#8243; alignment=&#8221;center&#8221; onclick=&#8221;custom_link&#8221; img_link_target=&#8221;_blank&#8221; qode_css_animation=&#8221;&#8221; link=&#8221;http:\/\/laadur.ee\/&#8221;][\/vc_column][\/vc_row][vc_row css_animation=&#8221;&#8221; row_type=&#8221;row&#8221; use_row_as_full_screen_section=&#8221;no&#8221; type=&#8221;full_width&#8221; angled_section=&#8221;no&#8221; text_align=&#8221;left&#8221; background_image_as_pattern=&#8221;without_pattern&#8221; css=&#8221;.vc_custom_1517935220459{padding-bottom: 45px !important;}&#8221; z_index=&#8221;&#8221;][vc_column width=&#8221;1\/3&#8243;][vc_single_image image=&#8221;17127&#8243; img_size=&#8221;300&#215;150&#8243; alignment=&#8221;center&#8221; onclick=&#8221;custom_link&#8221; img_link_target=&#8221;_blank&#8221; qode_css_animation=&#8221;&#8221; link=&#8221;https:\/\/www.k-rauta.fi\/&#8221;][\/vc_column][vc_column width=&#8221;1\/3&#8243;][vc_single_image image=&#8221;16502&#8243; img_size=&#8221;300&#215;150&#8243; alignment=&#8221;center&#8221; onclick=&#8221;custom_link&#8221; img_link_target=&#8221;_blank&#8221; qode_css_animation=&#8221;&#8221; link=&#8221;https:\/\/www.bauhof.ee\/&#8221;][\/vc_column][vc_column width=&#8221;1\/3&#8243;][vc_single_image image=&#8221;18979&#8243; img_size=&#8221;300&#215;150&#8243; alignment=&#8221;center&#8221; onclick=&#8221;custom_link&#8221; img_link_target=&#8221;_blank&#8221; css=&#8221;&#8221; qode_css_animation=&#8221;&#8221; link=&#8221;http:\/\/www.expedit.eu\/&#8221;][\/vc_column][\/vc_row][vc_row css_animation=&#8221;&#8221; row_type=&#8221;row&#8221; use_row_as_full_screen_section=&#8221;no&#8221; type=&#8221;full_width&#8221; angled_section=&#8221;no&#8221; text_align=&#8221;left&#8221; background_image_as_pattern=&#8221;without_pattern&#8221; css=&#8221;.vc_custom_1517935220459{padding-bottom: 45px !important;}&#8221; z_index=&#8221;&#8221;][vc_column width=&#8221;1\/3&#8243;][vc_single_image image=&#8221;17222&#8243; img_size=&#8221;300&#215;150&#8243; alignment=&#8221;center&#8221; onclick=&#8221;custom_link&#8221; img_link_target=&#8221;_blank&#8221; qode_css_animation=&#8221;&#8221; link=&#8221;https:\/\/www.senukai.lt&#8221;][\/vc_column][vc_column width=&#8221;1\/3&#8243;][vc_single_image image=&#8221;19004&#8243; img_size=&#8221;300&#215;150&#8243; alignment=&#8221;center&#8221; onclick=&#8221;custom_link&#8221; img_link_target=&#8221;_blank&#8221; css=&#8221;&#8221; qode_css_animation=&#8221;&#8221; link=&#8221;http:\/\/www.constructor-group.com&#8221;][\/vc_column][vc_column width=&#8221;1\/3&#8243;][vc_single_image image=&#8221;18970&#8243; img_size=&#8221;300&#215;150&#8243; alignment=&#8221;center&#8221; onclick=&#8221;custom_link&#8221; img_link_target=&#8221;_blank&#8221; css=&#8221;&#8221; qode_css_animation=&#8221;&#8221; link=&#8221;http:\/\/www.kasten.fi&#8221;][\/vc_column][\/vc_row]<\/p>\n<\/div>","protected":false},"excerpt":{"rendered":"<p>[vc_row css_animation=&#8221;&#8221; row_type=&#8221;row&#8221; use_row_as_full_screen_section=&#8221;no&#8221; type=&#8221;full_width&#8221; angled_section=&#8221;no&#8221; text_align=&#8221;left&#8221; background_image_as_pattern=&#8221;without_pattern&#8221;][vc_column width=&#8221;1\/3&#8243;][vc_single_image image=&#8221;18965&#8243; img_size=&#8221;300&#215;150&#8243; alignment=&#8221;center&#8221; onclick=&#8221;custom_link&#8221; img_link_target=&#8221;_blank&#8221; css=&#8221;&#8221; qode_css_animation=&#8221;&#8221; link=&#8221;https:\/\/www.ssi-schaefer.com\/&#8221;][\/vc_column][vc_column width=&#8221;1\/3&#8243;][vc_single_image image=&#8221;16501&#8243; img_size=&#8221;300&#215;150&#8243; alignment=&#8221;center&#8221; onclick=&#8221;custom_link&#8221; img_link_target=&#8221;_blank&#8221; qode_css_animation=&#8221;&#8221; link=&#8221;https:\/\/www.k-rauta.ee&#8221;][\/vc_column][vc_column width=&#8221;1\/3&#8243;][vc_single_image image=&#8221;16507&#8243; img_size=&#8221;300&#215;150&#8243; alignment=&#8221;center&#8221; onclick=&#8221;custom_link&#8221; img_link_target=&#8221;_blank&#8221; qode_css_animation=&#8221;&#8221; link=&#8221;http:\/\/laadur.ee\/&#8221;][\/vc_column][\/vc_row][vc_row css_animation=&#8221;&#8221; row_type=&#8221;row&#8221; use_row_as_full_screen_section=&#8221;no&#8221; type=&#8221;full_width&#8221; angled_section=&#8221;no&#8221; text_align=&#8221;left&#8221; background_image_as_pattern=&#8221;without_pattern&#8221; css=&#8221;.vc_custom_1517935220459{padding-bottom: 45px !important;}&#8221; z_index=&#8221;&#8221;][vc_column width=&#8221;1\/3&#8243;][vc_single_image image=&#8221;17127&#8243; img_size=&#8221;300&#215;150&#8243; alignment=&#8221;center&#8221; onclick=&#8221;custom_link&#8221; img_link_target=&#8221;_blank&#8221; qode_css_animation=&#8221;&#8221; link=&#8221;https:\/\/www.k-rauta.fi\/&#8221;][\/vc_column][vc_column width=&#8221;1\/3&#8243;][vc_single_image image=&#8221;16502&#8243; img_size=&#8221;300&#215;150&#8243; alignment=&#8221;center&#8221; onclick=&#8221;custom_link&#8221; img_link_target=&#8221;_blank&#8221; qode_css_animation=&#8221;&#8221; link=&#8221;https:\/\/www.bauhof.ee\/&#8221;][\/vc_column][vc_column width=&#8221;1\/3&#8243;][vc_single_image image=&#8221;18979&#8243; img_size=&#8221;300&#215;150&#8243; alignment=&#8221;center&#8221; onclick=&#8221;custom_link&#8221; img_link_target=&#8221;_blank&#8221; css=&#8221;&#8221; qode_css_animation=&#8221;&#8221; link=&#8221;http:\/\/www.expedit.eu\/&#8221;][\/vc_column][\/vc_row][vc_row css_animation=&#8221;&#8221; row_type=&#8221;row&#8221; use_row_as_full_screen_section=&#8221;no&#8221; type=&#8221;full_width&#8221; angled_section=&#8221;no&#8221; text_align=&#8221;left&#8221; background_image_as_pattern=&#8221;without_pattern&#8221; css=&#8221;.vc_custom_1517935220459{padding-bottom: 45px !important;}&#8221; z_index=&#8221;&#8221;][vc_column width=&#8221;1\/3&#8243;][vc_single_image image=&#8221;17222&#8243; img_size=&#8221;300&#215;150&#8243; alignment=&#8221;center&#8221; onclick=&#8221;custom_link&#8221; img_link_target=&#8221;_blank&#8221; qode_css_animation=&#8221;&#8221; link=&#8221;https:\/\/www.senukai.lt&#8221;][\/vc_column][vc_column width=&#8221;1\/3&#8243;][vc_single_image image=&#8221;19004&#8243; img_size=&#8221;300&#215;150&#8243; alignment=&#8221;center&#8221; onclick=&#8221;custom_link&#8221; img_link_target=&#8221;_blank&#8221; css=&#8221;&#8221; qode_css_animation=&#8221;&#8221; link=&#8221;http:\/\/www.constructor-group.com&#8221;][\/vc_column][vc_column width=&#8221;1\/3&#8243;][vc_single_image image=&#8221;18970&#8243; img_size=&#8221;300&#215;150&#8243; alignment=&#8221;center&#8221; onclick=&#8221;custom_link&#8221; img_link_target=&#8221;_blank&#8221; css=&#8221;&#8221; qode_css_animation=&#8221;&#8221; link=&#8221;http:\/\/www.kasten.fi&#8221;][\/vc_column][\/vc_row]<\/p>\n","protected":false},"author":1,"featured_media":0,"parent":0,"menu_order":0,"comment_status":"closed","ping_status":"closed","template":"","meta":{"footnotes":""},"class_list":["post-17289","page","type-page","status-publish","hentry"],"yoast_head":"<!-- This site is optimized with the Yoast SEO plugin v24.3 - https:\/\/yoast.com\/wordpress\/plugins\/seo\/ -->\n<title>Yhteisty\u00f6kumppanit &#8212; Sigmatic<\/title>\n<meta name=\"description\" content=\"Olemme Eestil\u00e4inen asennuspalveluja tarjoava yritys, Sigmatic O\u00dc Tallinnasta. Olemme eritt\u00e4in kilpailukykyinen asennusliike ja meihin kannattaa tutustua!\" \/>\n<meta name=\"robots\" content=\"index, follow, max-snippet:-1, max-image-preview:large, max-video-preview:-1\" \/>\n<link rel=\"canonical\" href=\"https:\/\/sigmatic.ee\/fi\/yhteistyokumppanit\/\" \/>\n<meta property=\"og:locale\" content=\"fi_FI\" \/>\n<meta property=\"og:type\" content=\"article\" \/>\n<meta property=\"og:title\" content=\"Yhteisty\u00f6kumppanit &#8212; Sigmatic\" \/>\n<meta property=\"og:description\" content=\"Olemme Eestil\u00e4inen asennuspalveluja tarjoava yritys, Sigmatic O\u00dc Tallinnasta. Olemme eritt\u00e4in kilpailukykyinen asennusliike ja meihin kannattaa tutustua!\" \/>\n<meta property=\"og:url\" content=\"https:\/\/sigmatic.ee\/fi\/yhteistyokumppanit\/\" \/>\n<meta property=\"og:site_name\" content=\"Sigmatic\" \/>\n<meta property=\"article:modified_time\" content=\"2025-12-15T12:24:41+00:00\" \/>\n<meta name=\"twitter:card\" content=\"summary_large_image\" \/>\n<meta name=\"twitter:label1\" content=\"Arvioitu lukuaika\" \/>\n\t<meta name=\"twitter:data1\" content=\"3 minuuttia\" \/>\n<script type=\"application\/ld+json\" class=\"yoast-schema-graph\">{\"@context\":\"https:\/\/schema.org\",\"@graph\":[{\"@type\":\"WebPage\",\"@id\":\"https:\/\/sigmatic.ee\/fi\/yhteistyokumppanit\/\",\"url\":\"https:\/\/sigmatic.ee\/fi\/yhteistyokumppanit\/\",\"name\":\"Yhteisty\u00f6kumppanit &#8212; Sigmatic\",\"isPartOf\":{\"@id\":\"https:\/\/sigmatic.ee\/fi\/#website\"},\"datePublished\":\"2018-02-06T16:27:37+00:00\",\"dateModified\":\"2025-12-15T12:24:41+00:00\",\"description\":\"Olemme Eestil\u00e4inen asennuspalveluja tarjoava yritys, Sigmatic O\u00dc Tallinnasta. Olemme eritt\u00e4in kilpailukykyinen asennusliike ja meihin kannattaa tutustua!\",\"breadcrumb\":{\"@id\":\"https:\/\/sigmatic.ee\/fi\/yhteistyokumppanit\/#breadcrumb\"},\"inLanguage\":\"fi\",\"potentialAction\":[{\"@type\":\"ReadAction\",\"target\":[\"https:\/\/sigmatic.ee\/fi\/yhteistyokumppanit\/\"]}]},{\"@type\":\"BreadcrumbList\",\"@id\":\"https:\/\/sigmatic.ee\/fi\/yhteistyokumppanit\/#breadcrumb\",\"itemListElement\":[{\"@type\":\"ListItem\",\"position\":1,\"name\":\"Avaleht\",\"item\":\"https:\/\/sigmatic.ee\/fi\/\"},{\"@type\":\"ListItem\",\"position\":2,\"name\":\"Yhteisty\u00f6kumppanit\"}]},{\"@type\":\"WebSite\",\"@id\":\"https:\/\/sigmatic.ee\/fi\/#website\",\"url\":\"https:\/\/sigmatic.ee\/fi\/\",\"name\":\"Sigmatic\",\"description\":\"\",\"publisher\":{\"@id\":\"https:\/\/sigmatic.ee\/fi\/#organization\"},\"potentialAction\":[{\"@type\":\"SearchAction\",\"target\":{\"@type\":\"EntryPoint\",\"urlTemplate\":\"https:\/\/sigmatic.ee\/fi\/?s={search_term_string}\"},\"query-input\":{\"@type\":\"PropertyValueSpecification\",\"valueRequired\":true,\"valueName\":\"search_term_string\"}}],\"inLanguage\":\"fi\"},{\"@type\":\"Organization\",\"@id\":\"https:\/\/sigmatic.ee\/fi\/#organization\",\"name\":\"Sigmatic O\u00dc\",\"url\":\"https:\/\/sigmatic.ee\/fi\/\",\"logo\":{\"@type\":\"ImageObject\",\"inLanguage\":\"fi\",\"@id\":\"https:\/\/sigmatic.ee\/fi\/#\/schema\/logo\/image\/\",\"url\":\"https:\/\/sigmatic.ee\/wp-content\/uploads\/2018\/01\/Sigmatic.png\",\"contentUrl\":\"https:\/\/sigmatic.ee\/wp-content\/uploads\/2018\/01\/Sigmatic.png\",\"width\":262,\"height\":75,\"caption\":\"Sigmatic O\u00dc\"},\"image\":{\"@id\":\"https:\/\/sigmatic.ee\/fi\/#\/schema\/logo\/image\/\"}}]}<\/script>\n<!-- \/ Yoast SEO plugin. -->","yoast_head_json":{"title":"Yhteisty\u00f6kumppanit &#8212; Sigmatic","description":"Olemme Eestil\u00e4inen asennuspalveluja tarjoava yritys, Sigmatic O\u00dc Tallinnasta. Olemme eritt\u00e4in kilpailukykyinen asennusliike ja meihin kannattaa tutustua!","robots":{"index":"index","follow":"follow","max-snippet":"max-snippet:-1","max-image-preview":"max-image-preview:large","max-video-preview":"max-video-preview:-1"},"canonical":"https:\/\/sigmatic.ee\/fi\/yhteistyokumppanit\/","og_locale":"fi_FI","og_type":"article","og_title":"Yhteisty\u00f6kumppanit &#8212; Sigmatic","og_description":"Olemme Eestil\u00e4inen asennuspalveluja tarjoava yritys, Sigmatic O\u00dc Tallinnasta. Olemme eritt\u00e4in kilpailukykyinen asennusliike ja meihin kannattaa tutustua!","og_url":"https:\/\/sigmatic.ee\/fi\/yhteistyokumppanit\/","og_site_name":"Sigmatic","article_modified_time":"2025-12-15T12:24:41+00:00","twitter_card":"summary_large_image","twitter_misc":{"Arvioitu lukuaika":"3 minuuttia"},"schema":{"@context":"https:\/\/schema.org","@graph":[{"@type":"WebPage","@id":"https:\/\/sigmatic.ee\/fi\/yhteistyokumppanit\/","url":"https:\/\/sigmatic.ee\/fi\/yhteistyokumppanit\/","name":"Yhteisty\u00f6kumppanit &#8212; Sigmatic","isPartOf":{"@id":"https:\/\/sigmatic.ee\/fi\/#website"},"datePublished":"2018-02-06T16:27:37+00:00","dateModified":"2025-12-15T12:24:41+00:00","description":"Olemme Eestil\u00e4inen asennuspalveluja tarjoava yritys, Sigmatic O\u00dc Tallinnasta. Olemme eritt\u00e4in kilpailukykyinen asennusliike ja meihin kannattaa tutustua!","breadcrumb":{"@id":"https:\/\/sigmatic.ee\/fi\/yhteistyokumppanit\/#breadcrumb"},"inLanguage":"fi","potentialAction":[{"@type":"ReadAction","target":["https:\/\/sigmatic.ee\/fi\/yhteistyokumppanit\/"]}]},{"@type":"BreadcrumbList","@id":"https:\/\/sigmatic.ee\/fi\/yhteistyokumppanit\/#breadcrumb","itemListElement":[{"@type":"ListItem","position":1,"name":"Avaleht","item":"https:\/\/sigmatic.ee\/fi\/"},{"@type":"ListItem","position":2,"name":"Yhteisty\u00f6kumppanit"}]},{"@type":"WebSite","@id":"https:\/\/sigmatic.ee\/fi\/#website","url":"https:\/\/sigmatic.ee\/fi\/","name":"Sigmatic","description":"","publisher":{"@id":"https:\/\/sigmatic.ee\/fi\/#organization"},"potentialAction":[{"@type":"SearchAction","target":{"@type":"EntryPoint","urlTemplate":"https:\/\/sigmatic.ee\/fi\/?s={search_term_string}"},"query-input":{"@type":"PropertyValueSpecification","valueRequired":true,"valueName":"search_term_string"}}],"inLanguage":"fi"},{"@type":"Organization","@id":"https:\/\/sigmatic.ee\/fi\/#organization","name":"Sigmatic O\u00dc","url":"https:\/\/sigmatic.ee\/fi\/","logo":{"@type":"ImageObject","inLanguage":"fi","@id":"https:\/\/sigmatic.ee\/fi\/#\/schema\/logo\/image\/","url":"https:\/\/sigmatic.ee\/wp-content\/uploads\/2018\/01\/Sigmatic.png","contentUrl":"https:\/\/sigmatic.ee\/wp-content\/uploads\/2018\/01\/Sigmatic.png","width":262,"height":75,"caption":"Sigmatic O\u00dc"},"image":{"@id":"https:\/\/sigmatic.ee\/fi\/#\/schema\/logo\/image\/"}}]}},"_links":{"self":[{"href":"https:\/\/sigmatic.ee\/fi\/wp-json\/wp\/v2\/pages\/17289"}],"collection":[{"href":"https:\/\/sigmatic.ee\/fi\/wp-json\/wp\/v2\/pages"}],"about":[{"href":"https:\/\/sigmatic.ee\/fi\/wp-json\/wp\/v2\/types\/page"}],"author":[{"embeddable":true,"href":"https:\/\/sigmatic.ee\/fi\/wp-json\/wp\/v2\/users\/1"}],"replies":[{"embeddable":true,"href":"https:\/\/sigmatic.ee\/fi\/wp-json\/wp\/v2\/comments?post=17289"}],"version-history":[{"count":2,"href":"https:\/\/sigmatic.ee\/fi\/wp-json\/wp\/v2\/pages\/17289\/revisions"}],"predecessor-version":[{"id":19015,"href":"https:\/\/sigmatic.ee\/fi\/wp-json\/wp\/v2\/pages\/17289\/revisions\/19015"}],"wp:attachment":[{"href":"https:\/\/sigmatic.ee\/fi\/wp-json\/wp\/v2\/media?parent=17289"}],"curies":[{"name":"wp","href":"https:\/\/api.w.org\/{rel}","templated":true}]}}