{"id":17321,"date":"2018-02-06T18:23:07","date_gmt":"2018-02-06T16:23:07","guid":{"rendered":"https:\/\/octa.ee\/projektid\/sigmatic\/sertifikaadid-koolitus\/"},"modified":"2025-12-15T14:18:20","modified_gmt":"2025-12-15T12:18:20","slug":"sertifioinnin-koulutukset","status":"publish","type":"page","link":"https:\/\/sigmatic.ee\/fi\/sertifioinnin-koulutukset\/","title":{"rendered":"Sertifioinnin \/ koulutukset"},"content":{"rendered":"<div class=\"wpb-content-wrapper\"><p>[vc_row css_animation=&#8221;&#8221; row_type=&#8221;row&#8221; use_row_as_full_screen_section=&#8221;no&#8221; type=&#8221;grid&#8221; angled_section=&#8221;no&#8221; text_align=&#8221;left&#8221; background_image_as_pattern=&#8221;without_pattern&#8221; css=&#8221;.vc_custom_1517938697547{padding-top: 45px !important;padding-bottom: 45px !important;}&#8221; z_index=&#8221;&#8221;][vc_column width=&#8221;1\/3&#8243;][vc_single_image image=&#8221;16639&#8243; img_size=&#8221;full&#8221; qode_css_animation=&#8221;&#8221;][vc_separator type=&#8221;transparent&#8221; thickness=&#8221;10&#8243;][vc_column_text]<\/p>\n<h3>TY\u00d6TURVALLISUUS<\/h3>\n<p>Sigmatic O\u00dc ty\u00f6ntekij\u00e4t ovat suorittaneet Suomen ty\u00f6turvallisuuskeskuksen (Soome T\u00f6\u00f6ohutuskeskus MT\u00dc) ty\u00f6turvallisuuskoulutuksen ja heille on my\u00f6nnetty Suomen ty\u00f6turvallisuuskortti.[\/vc_column_text][\/vc_column][vc_column width=&#8221;1\/3&#8243;][vc_single_image image=&#8221;16642&#8243; img_size=&#8221;full&#8221; qode_css_animation=&#8221;&#8221;][vc_separator type=&#8221;transparent&#8221; thickness=&#8221;10&#8243;][vc_column_text]<\/p>\n<h3>TULITY\u00d6T<\/h3>\n<p>Tulit\u00f6it\u00e4 (ty\u00f6, jonka suorittamisessa syntyy kipin\u00f6it\u00e4, k\u00e4ytet\u00e4\u00e4n liekki\u00e4 tai muuta kuumuutta, joka on syttyv\u00e4 \u2013 esimerkiksi hitsaus, sirkkelin k\u00e4ytt\u00f6) saa suorittaa henkil\u00f6, jolla on olemassa voimassaoleva tulity\u00f6kortti (Standard SFS 5900). Sigmatic O\u00dc ty\u00f6ntekij\u00e4t ovat suorittaneet vastaavan paloturvallisuuskoulutuksen ja heille on my\u00f6nnetty Suomen tulity\u00f6kortti. Tulity\u00f6kortti on rekister\u00f6ity Suomen Pelastusalan Keskusj\u00e4rjest\u00f6ss\u00e4.<br \/>\n[\/vc_column_text][\/vc_column][vc_column width=&#8221;1\/3&#8243;][vc_single_image image=&#8221;16651&#8243; img_size=&#8221;full&#8221; qode_css_animation=&#8221;&#8221;][vc_separator type=&#8221;transparent&#8221; thickness=&#8221;10&#8243;][vc_column_text]<\/p>\n<h3>TY\u00d6T NOSTOV\u00c4LINEILL\u00c4<\/h3>\n<p>Sigmatic O\u00dc ty\u00f6ntekij\u00f6ill\u00e4 on sis\u00e4kuljetuksen ajoneuvon ammattip\u00e4tevyyden todistus. Nosturin kuljettajat saavat ty\u00f6skennell\u00e4 varastoissa sis\u00e4kuljetuksen ajoneuvon (polttomoottorilla ja s\u00e4hk\u00f6k\u00e4ytt\u00f6isen kuormaajan, pinoajan sek\u00e4 vaunun) kuljettajana.<br \/>\n<strong>Koulutuslupa annettu vuonna 2011.<\/strong>[\/vc_column_text][\/vc_column][\/vc_row][vc_row css_animation=&#8221;&#8221; row_type=&#8221;row&#8221; use_row_as_full_screen_section=&#8221;no&#8221; type=&#8221;full_width&#8221; angled_section=&#8221;no&#8221; text_align=&#8221;center&#8221; background_image_as_pattern=&#8221;without_pattern&#8221; z_index=&#8221;&#8221; css=&#8221;.vc_custom_1518030804728{background-color: #ededed !important;}&#8221;][vc_column width=&#8221;1\/4&#8243;][vc_single_image image=&#8221;16655&#8243; img_size=&#8221;full&#8221; alignment=&#8221;center&#8221; qode_css_animation=&#8221;&#8221;][\/vc_column][vc_column width=&#8221;1\/4&#8243;][vc_single_image image=&#8221;16648&#8243; img_size=&#8221;full&#8221; alignment=&#8221;center&#8221; qode_css_animation=&#8221;&#8221;][\/vc_column][vc_column width=&#8221;1\/4&#8243;][vc_single_image image=&#8221;16654&#8243; img_size=&#8221;full&#8221; alignment=&#8221;center&#8221; qode_css_animation=&#8221;&#8221;][\/vc_column][vc_column width=&#8221;1\/4&#8243;][vc_single_image image=&#8221;16656&#8243; img_size=&#8221;full&#8221; alignment=&#8221;center&#8221; qode_css_animation=&#8221;&#8221;][\/vc_column][\/vc_row][vc_row css_animation=&#8221;&#8221; row_type=&#8221;row&#8221; use_row_as_full_screen_section=&#8221;no&#8221; type=&#8221;grid&#8221; angled_section=&#8221;no&#8221; text_align=&#8221;left&#8221; background_image_as_pattern=&#8221;without_pattern&#8221; css=&#8221;.vc_custom_1517938704917{padding-top: 45px !important;padding-bottom: 45px !important;}&#8221; z_index=&#8221;&#8221;][vc_column width=&#8221;1\/2&#8243;][vc_column_text css=&#8221;&#8221;]<\/p>\n<h3>TY\u00d6NANTAJAN VASTUUVAKUUTUS<\/h3>\n<p>(Employer&#8217;s Liability Insurance Policy No. 33880373\/1)<br \/>\n<strong>Period of insurance: From 21.03.2025 until 20.03.2026<\/strong>[\/vc_column_text][\/vc_column][vc_column width=&#8221;1\/2&#8243;][vc_column_text css=&#8221;&#8221;]<\/p>\n<h3>TOIMINTAVASTUUVAKUUTUS<\/h3>\n<p>(Insurance Certificate Policy No. 36200579\/1)<br \/>\nTerritory: European Union<br \/>\n<strong>Period of insurance: From 03.09.2025 to 02.09.2026<\/strong>[\/vc_column_text][\/vc_column][\/vc_row]<\/p>\n<\/div>","protected":false},"excerpt":{"rendered":"<p>[vc_row css_animation=&#8221;&#8221; row_type=&#8221;row&#8221; use_row_as_full_screen_section=&#8221;no&#8221; type=&#8221;grid&#8221; angled_section=&#8221;no&#8221; text_align=&#8221;left&#8221; background_image_as_pattern=&#8221;without_pattern&#8221; css=&#8221;.vc_custom_1517938697547{padding-top: 45px !important;padding-bottom: 45px !important;}&#8221; z_index=&#8221;&#8221;][vc_column width=&#8221;1\/3&#8243;][vc_single_image image=&#8221;16639&#8243; img_size=&#8221;full&#8221; qode_css_animation=&#8221;&#8221;][vc_separator type=&#8221;transparent&#8221; thickness=&#8221;10&#8243;][vc_column_text] TY\u00d6TURVALLISUUS Sigmatic O\u00dc ty\u00f6ntekij\u00e4t ovat suorittaneet Suomen ty\u00f6turvallisuuskeskuksen (Soome T\u00f6\u00f6ohutuskeskus MT\u00dc) ty\u00f6turvallisuuskoulutuksen ja heille on my\u00f6nnetty Suomen ty\u00f6turvallisuuskortti.[\/vc_column_text][\/vc_column][vc_column width=&#8221;1\/3&#8243;][vc_single_image image=&#8221;16642&#8243; img_size=&#8221;full&#8221; qode_css_animation=&#8221;&#8221;][vc_separator type=&#8221;transparent&#8221; thickness=&#8221;10&#8243;][vc_column_text] TULITY\u00d6T Tulit\u00f6it\u00e4 (ty\u00f6, jonka suorittamisessa syntyy kipin\u00f6it\u00e4, k\u00e4ytet\u00e4\u00e4n liekki\u00e4 tai muuta kuumuutta, joka on syttyv\u00e4 \u2013 esimerkiksi hitsaus, sirkkelin k\u00e4ytt\u00f6) saa suorittaa henkil\u00f6, jolla on olemassa voimassaoleva tulity\u00f6kortti (Standard SFS 5900). Sigmatic O\u00dc ty\u00f6ntekij\u00e4t ovat suorittaneet vastaavan paloturvallisuuskoulutuksen ja heille on my\u00f6nnetty Suomen tulity\u00f6kortti. Tulity\u00f6kortti on rekister\u00f6ity Suomen Pelastusalan Keskusj\u00e4rjest\u00f6ss\u00e4. [\/vc_column_text][\/vc_column][vc_column width=&#8221;1\/3&#8243;][vc_single_image image=&#8221;16651&#8243; img_size=&#8221;full&#8221; qode_css_animation=&#8221;&#8221;][vc_separator type=&#8221;transparent&#8221; thickness=&#8221;10&#8243;][vc_column_text] TY\u00d6T NOSTOV\u00c4LINEILL\u00c4 Sigmatic O\u00dc ty\u00f6ntekij\u00f6ill\u00e4 on sis\u00e4kuljetuksen ajoneuvon ammattip\u00e4tevyyden todistus. Nosturin kuljettajat saavat ty\u00f6skennell\u00e4 varastoissa sis\u00e4kuljetuksen ajoneuvon (polttomoottorilla ja s\u00e4hk\u00f6k\u00e4ytt\u00f6isen kuormaajan, pinoajan sek\u00e4 vaunun) kuljettajana. Koulutuslupa annettu vuonna 2011.[\/vc_column_text][\/vc_column][\/vc_row][vc_row css_animation=&#8221;&#8221; row_type=&#8221;row&#8221; use_row_as_full_screen_section=&#8221;no&#8221; type=&#8221;full_width&#8221; angled_section=&#8221;no&#8221; text_align=&#8221;center&#8221; background_image_as_pattern=&#8221;without_pattern&#8221; z_index=&#8221;&#8221; css=&#8221;.vc_custom_1518030804728{background-color: #ededed !important;}&#8221;][vc_column width=&#8221;1\/4&#8243;][vc_single_image image=&#8221;16655&#8243; img_size=&#8221;full&#8221; alignment=&#8221;center&#8221; qode_css_animation=&#8221;&#8221;][\/vc_column][vc_column width=&#8221;1\/4&#8243;][vc_single_image image=&#8221;16648&#8243; img_size=&#8221;full&#8221; alignment=&#8221;center&#8221; qode_css_animation=&#8221;&#8221;][\/vc_column][vc_column width=&#8221;1\/4&#8243;][vc_single_image image=&#8221;16654&#8243; img_size=&#8221;full&#8221; alignment=&#8221;center&#8221; qode_css_animation=&#8221;&#8221;][\/vc_column][vc_column width=&#8221;1\/4&#8243;][vc_single_image image=&#8221;16656&#8243; img_size=&#8221;full&#8221; alignment=&#8221;center&#8221; qode_css_animation=&#8221;&#8221;][\/vc_column][\/vc_row][vc_row css_animation=&#8221;&#8221; row_type=&#8221;row&#8221; use_row_as_full_screen_section=&#8221;no&#8221; type=&#8221;grid&#8221; angled_section=&#8221;no&#8221; text_align=&#8221;left&#8221; background_image_as_pattern=&#8221;without_pattern&#8221; css=&#8221;.vc_custom_1517938704917{padding-top: 45px !important;padding-bottom: 45px !important;}&#8221; z_index=&#8221;&#8221;][vc_column width=&#8221;1\/2&#8243;][vc_column_text css=&#8221;&#8221;] TY\u00d6NANTAJAN VASTUUVAKUUTUS (Employer&#8217;s Liability Insurance Policy No. 33880373\/1) Period of insurance: From 21.03.2025 until 20.03.2026[\/vc_column_text][\/vc_column][vc_column width=&#8221;1\/2&#8243;][vc_column_text css=&#8221;&#8221;] TOIMINTAVASTUUVAKUUTUS (Insurance Certificate Policy No. 36200579\/1) Territory: European Union Period of insurance: From 03.09.2025 to 02.09.2026[\/vc_column_text][\/vc_column][\/vc_row]<\/p>\n","protected":false},"author":1,"featured_media":0,"parent":0,"menu_order":0,"comment_status":"closed","ping_status":"closed","template":"full_width.php","meta":{"footnotes":""},"class_list":["post-17321","page","type-page","status-publish","hentry"],"yoast_head":"<!-- This site is optimized with the Yoast SEO plugin v24.3 - https:\/\/yoast.com\/wordpress\/plugins\/seo\/ -->\n<title>Sertifioinnin \/ koulutukset &#8212; Sigmatic<\/title>\n<meta name=\"description\" content=\"Olemme Eestil\u00e4inen asennuspalveluja tarjoava yritys, Sigmatic O\u00dc Tallinnasta. Olemme eritt\u00e4in kilpailukykyinen asennusliike ja meihin kannattaa tutustua!\" \/>\n<meta name=\"robots\" content=\"index, follow, max-snippet:-1, max-image-preview:large, max-video-preview:-1\" \/>\n<link rel=\"canonical\" href=\"https:\/\/sigmatic.ee\/fi\/sertifioinnin-koulutukset\/\" \/>\n<meta property=\"og:locale\" content=\"fi_FI\" \/>\n<meta property=\"og:type\" content=\"article\" \/>\n<meta property=\"og:title\" content=\"Sertifioinnin \/ koulutukset &#8212; Sigmatic\" \/>\n<meta property=\"og:description\" content=\"Olemme Eestil\u00e4inen asennuspalveluja tarjoava yritys, Sigmatic O\u00dc Tallinnasta. Olemme eritt\u00e4in kilpailukykyinen asennusliike ja meihin kannattaa tutustua!\" \/>\n<meta property=\"og:url\" content=\"https:\/\/sigmatic.ee\/fi\/sertifioinnin-koulutukset\/\" \/>\n<meta property=\"og:site_name\" content=\"Sigmatic\" \/>\n<meta property=\"article:modified_time\" content=\"2025-12-15T12:18:20+00:00\" \/>\n<meta name=\"twitter:card\" content=\"summary_large_image\" \/>\n<meta name=\"twitter:label1\" content=\"Arvioitu lukuaika\" \/>\n\t<meta name=\"twitter:data1\" content=\"3 minuuttia\" \/>\n<script type=\"application\/ld+json\" class=\"yoast-schema-graph\">{\"@context\":\"https:\/\/schema.org\",\"@graph\":[{\"@type\":\"WebPage\",\"@id\":\"https:\/\/sigmatic.ee\/fi\/sertifioinnin-koulutukset\/\",\"url\":\"https:\/\/sigmatic.ee\/fi\/sertifioinnin-koulutukset\/\",\"name\":\"Sertifioinnin \/ koulutukset &#8212; Sigmatic\",\"isPartOf\":{\"@id\":\"https:\/\/sigmatic.ee\/fi\/#website\"},\"datePublished\":\"2018-02-06T16:23:07+00:00\",\"dateModified\":\"2025-12-15T12:18:20+00:00\",\"description\":\"Olemme Eestil\u00e4inen asennuspalveluja tarjoava yritys, Sigmatic O\u00dc Tallinnasta. Olemme eritt\u00e4in kilpailukykyinen asennusliike ja meihin kannattaa tutustua!\",\"breadcrumb\":{\"@id\":\"https:\/\/sigmatic.ee\/fi\/sertifioinnin-koulutukset\/#breadcrumb\"},\"inLanguage\":\"fi\",\"potentialAction\":[{\"@type\":\"ReadAction\",\"target\":[\"https:\/\/sigmatic.ee\/fi\/sertifioinnin-koulutukset\/\"]}]},{\"@type\":\"BreadcrumbList\",\"@id\":\"https:\/\/sigmatic.ee\/fi\/sertifioinnin-koulutukset\/#breadcrumb\",\"itemListElement\":[{\"@type\":\"ListItem\",\"position\":1,\"name\":\"Avaleht\",\"item\":\"https:\/\/sigmatic.ee\/fi\/\"},{\"@type\":\"ListItem\",\"position\":2,\"name\":\"Sertifioinnin \/ koulutukset\"}]},{\"@type\":\"WebSite\",\"@id\":\"https:\/\/sigmatic.ee\/fi\/#website\",\"url\":\"https:\/\/sigmatic.ee\/fi\/\",\"name\":\"Sigmatic\",\"description\":\"\",\"publisher\":{\"@id\":\"https:\/\/sigmatic.ee\/fi\/#organization\"},\"potentialAction\":[{\"@type\":\"SearchAction\",\"target\":{\"@type\":\"EntryPoint\",\"urlTemplate\":\"https:\/\/sigmatic.ee\/fi\/?s={search_term_string}\"},\"query-input\":{\"@type\":\"PropertyValueSpecification\",\"valueRequired\":true,\"valueName\":\"search_term_string\"}}],\"inLanguage\":\"fi\"},{\"@type\":\"Organization\",\"@id\":\"https:\/\/sigmatic.ee\/fi\/#organization\",\"name\":\"Sigmatic O\u00dc\",\"url\":\"https:\/\/sigmatic.ee\/fi\/\",\"logo\":{\"@type\":\"ImageObject\",\"inLanguage\":\"fi\",\"@id\":\"https:\/\/sigmatic.ee\/fi\/#\/schema\/logo\/image\/\",\"url\":\"https:\/\/sigmatic.ee\/wp-content\/uploads\/2018\/01\/Sigmatic.png\",\"contentUrl\":\"https:\/\/sigmatic.ee\/wp-content\/uploads\/2018\/01\/Sigmatic.png\",\"width\":262,\"height\":75,\"caption\":\"Sigmatic O\u00dc\"},\"image\":{\"@id\":\"https:\/\/sigmatic.ee\/fi\/#\/schema\/logo\/image\/\"}}]}<\/script>\n<!-- \/ Yoast SEO plugin. -->","yoast_head_json":{"title":"Sertifioinnin \/ koulutukset &#8212; Sigmatic","description":"Olemme Eestil\u00e4inen asennuspalveluja tarjoava yritys, Sigmatic O\u00dc Tallinnasta. Olemme eritt\u00e4in kilpailukykyinen asennusliike ja meihin kannattaa tutustua!","robots":{"index":"index","follow":"follow","max-snippet":"max-snippet:-1","max-image-preview":"max-image-preview:large","max-video-preview":"max-video-preview:-1"},"canonical":"https:\/\/sigmatic.ee\/fi\/sertifioinnin-koulutukset\/","og_locale":"fi_FI","og_type":"article","og_title":"Sertifioinnin \/ koulutukset &#8212; Sigmatic","og_description":"Olemme Eestil\u00e4inen asennuspalveluja tarjoava yritys, Sigmatic O\u00dc Tallinnasta. Olemme eritt\u00e4in kilpailukykyinen asennusliike ja meihin kannattaa tutustua!","og_url":"https:\/\/sigmatic.ee\/fi\/sertifioinnin-koulutukset\/","og_site_name":"Sigmatic","article_modified_time":"2025-12-15T12:18:20+00:00","twitter_card":"summary_large_image","twitter_misc":{"Arvioitu lukuaika":"3 minuuttia"},"schema":{"@context":"https:\/\/schema.org","@graph":[{"@type":"WebPage","@id":"https:\/\/sigmatic.ee\/fi\/sertifioinnin-koulutukset\/","url":"https:\/\/sigmatic.ee\/fi\/sertifioinnin-koulutukset\/","name":"Sertifioinnin \/ koulutukset &#8212; Sigmatic","isPartOf":{"@id":"https:\/\/sigmatic.ee\/fi\/#website"},"datePublished":"2018-02-06T16:23:07+00:00","dateModified":"2025-12-15T12:18:20+00:00","description":"Olemme Eestil\u00e4inen asennuspalveluja tarjoava yritys, Sigmatic O\u00dc Tallinnasta. Olemme eritt\u00e4in kilpailukykyinen asennusliike ja meihin kannattaa tutustua!","breadcrumb":{"@id":"https:\/\/sigmatic.ee\/fi\/sertifioinnin-koulutukset\/#breadcrumb"},"inLanguage":"fi","potentialAction":[{"@type":"ReadAction","target":["https:\/\/sigmatic.ee\/fi\/sertifioinnin-koulutukset\/"]}]},{"@type":"BreadcrumbList","@id":"https:\/\/sigmatic.ee\/fi\/sertifioinnin-koulutukset\/#breadcrumb","itemListElement":[{"@type":"ListItem","position":1,"name":"Avaleht","item":"https:\/\/sigmatic.ee\/fi\/"},{"@type":"ListItem","position":2,"name":"Sertifioinnin \/ koulutukset"}]},{"@type":"WebSite","@id":"https:\/\/sigmatic.ee\/fi\/#website","url":"https:\/\/sigmatic.ee\/fi\/","name":"Sigmatic","description":"","publisher":{"@id":"https:\/\/sigmatic.ee\/fi\/#organization"},"potentialAction":[{"@type":"SearchAction","target":{"@type":"EntryPoint","urlTemplate":"https:\/\/sigmatic.ee\/fi\/?s={search_term_string}"},"query-input":{"@type":"PropertyValueSpecification","valueRequired":true,"valueName":"search_term_string"}}],"inLanguage":"fi"},{"@type":"Organization","@id":"https:\/\/sigmatic.ee\/fi\/#organization","name":"Sigmatic O\u00dc","url":"https:\/\/sigmatic.ee\/fi\/","logo":{"@type":"ImageObject","inLanguage":"fi","@id":"https:\/\/sigmatic.ee\/fi\/#\/schema\/logo\/image\/","url":"https:\/\/sigmatic.ee\/wp-content\/uploads\/2018\/01\/Sigmatic.png","contentUrl":"https:\/\/sigmatic.ee\/wp-content\/uploads\/2018\/01\/Sigmatic.png","width":262,"height":75,"caption":"Sigmatic O\u00dc"},"image":{"@id":"https:\/\/sigmatic.ee\/fi\/#\/schema\/logo\/image\/"}}]}},"_links":{"self":[{"href":"https:\/\/sigmatic.ee\/fi\/wp-json\/wp\/v2\/pages\/17321"}],"collection":[{"href":"https:\/\/sigmatic.ee\/fi\/wp-json\/wp\/v2\/pages"}],"about":[{"href":"https:\/\/sigmatic.ee\/fi\/wp-json\/wp\/v2\/types\/page"}],"author":[{"embeddable":true,"href":"https:\/\/sigmatic.ee\/fi\/wp-json\/wp\/v2\/users\/1"}],"replies":[{"embeddable":true,"href":"https:\/\/sigmatic.ee\/fi\/wp-json\/wp\/v2\/comments?post=17321"}],"version-history":[{"count":18,"href":"https:\/\/sigmatic.ee\/fi\/wp-json\/wp\/v2\/pages\/17321\/revisions"}],"predecessor-version":[{"id":19009,"href":"https:\/\/sigmatic.ee\/fi\/wp-json\/wp\/v2\/pages\/17321\/revisions\/19009"}],"wp:attachment":[{"href":"https:\/\/sigmatic.ee\/fi\/wp-json\/wp\/v2\/media?parent=17321"}],"curies":[{"name":"wp","href":"https:\/\/api.w.org\/{rel}","templated":true}]}}