{"id":17323,"date":"2018-02-06T18:23:07","date_gmt":"2018-02-06T16:23:07","guid":{"rendered":"https:\/\/octa.ee\/projektid\/sigmatic\/sertifikaadid-koolitus\/"},"modified":"2025-12-15T14:19:01","modified_gmt":"2025-12-15T12:19:01","slug":"%d1%81%d0%b5%d1%80%d1%82%d0%b8%d1%84%d0%b8%d0%ba%d0%b0%d1%82%d1%8b","status":"publish","type":"page","link":"https:\/\/sigmatic.ee\/ru\/%d1%81%d0%b5%d1%80%d1%82%d0%b8%d1%84%d0%b8%d0%ba%d0%b0%d1%82%d1%8b\/","title":{"rendered":"\u0421\u0435\u0440\u0442\u0438\u0444\u0438\u043a\u0430\u0442\u044b"},"content":{"rendered":"<div class=\"wpb-content-wrapper\"><p>[vc_row css_animation=&#187;&#187; row_type=&#187;row&#187; use_row_as_full_screen_section=&#187;no&#187; type=&#187;grid&#187; angled_section=&#187;no&#187; text_align=&#187;left&#187; background_image_as_pattern=&#187;without_pattern&#187; css=&#187;.vc_custom_1517938697547{padding-top: 45px !important;padding-bottom: 45px !important;}&#187; z_index=&#187;&#187;][vc_column width=&#187;1\/3&#8243;][vc_single_image image=&#187;16639&#8243; img_size=&#187;full&#187; qode_css_animation=&#187;&#187;][vc_separator type=&#187;transparent&#187; thickness=&#187;10&#8243;][vc_column_text]<\/p>\n<h3>T\u00f6\u00f6turvalisus<\/h3>\n<p>Sigmatic O\u00dc t\u00f6\u00f6tajad on l\u00e4binud Soome T\u00f6\u00f6ohutuskeskus MT\u00dc standard-t\u00f6\u00f6ohutuskoolituse\u00a0ja saanud Soome t\u00f6\u00f6ohutustunnistuse (nn roheline kaart ehk ty\u00f6turvallisuuskortti).[\/vc_column_text][\/vc_column][vc_column width=&#187;1\/3&#8243;][vc_single_image image=&#187;16642&#8243; img_size=&#187;full&#187; qode_css_animation=&#187;&#187;][vc_separator type=&#187;transparent&#187; thickness=&#187;10&#8243;][vc_column_text]<\/p>\n<h3>Tulet\u00f6\u00f6d<\/h3>\n<p>Tulet\u00f6id (t\u00f6\u00f6, mille tegemisel tekib s\u00e4demeid, kasutatakse leeki v\u00f5i muud kuumust, mis on\u00a0tuleohtlik &#8212; n\u00e4iteks keevitamine, ketasl\u00f5ikuri kasutamine) tohib teha isik, kellel on kehtiv\u00a0tulet\u00f6\u00f6tunnistus (Standard SFS 5900). Sigmatic O\u00dc t\u00f6\u00f6tajad on l\u00e4binud vastava\u00a0tuleohutuskoolituse ja saanud Soome tulet\u00f6\u00f6tunnistuse (nn sinine kaart ehk tulity\u00f6kortti).\u00a0Tuled\u00f6\u00f6de luba on registreeritud Soome P\u00e4\u00e4steala Keskliidus (SPEKis).[\/vc_column_text][\/vc_column][vc_column width=&#187;1\/3&#8243;][vc_single_image image=&#187;16651&#8243; img_size=&#187;full&#187; qode_css_animation=&#187;&#187;][vc_separator type=&#187;transparent&#187; thickness=&#187;10&#8243;][vc_column_text]<\/p>\n<h3>T\u00f6\u00f6d t\u00f5stevahenditega<\/h3>\n<p>Sigmatic O\u00dc t\u00f6\u00f6tajad omavad sisetranspordi liikurmasina kutseoskuse tunnistust<br \/>\nT\u00f5stukijuhid v\u00f5ivad t\u00f6\u00f6tada ladudes sisetranspordivahendi liikurmasina\u00a0(sisep\u00f5lemismootoriga ja elektriajamiga laaduri, virnastaja ning k\u00e4ru) juhina.<br \/>\n<strong>Koolitusluba v\u00e4lja antud 2011. aastal.<\/strong>[\/vc_column_text][\/vc_column][\/vc_row][vc_row css_animation=&#187;&#187; row_type=&#187;row&#187; use_row_as_full_screen_section=&#187;no&#187; type=&#187;full_width&#187; angled_section=&#187;no&#187; text_align=&#187;center&#187; background_image_as_pattern=&#187;without_pattern&#187; z_index=&#187;&#187; css=&#187;.vc_custom_1518030804728{background-color: #ededed !important;}&#187;][vc_column width=&#187;1\/4&#8243;][vc_single_image image=&#187;16655&#8243; img_size=&#187;full&#187; alignment=&#187;center&#187; qode_css_animation=&#187;&#187;][\/vc_column][vc_column width=&#187;1\/4&#8243;][vc_single_image image=&#187;16648&#8243; img_size=&#187;full&#187; alignment=&#187;center&#187; qode_css_animation=&#187;&#187;][\/vc_column][vc_column width=&#187;1\/4&#8243;][vc_single_image image=&#187;16654&#8243; img_size=&#187;full&#187; alignment=&#187;center&#187; qode_css_animation=&#187;&#187;][\/vc_column][vc_column width=&#187;1\/4&#8243;][vc_single_image image=&#187;16656&#8243; img_size=&#187;full&#187; alignment=&#187;center&#187; qode_css_animation=&#187;&#187;][\/vc_column][\/vc_row][vc_row css_animation=&#187;&#187; row_type=&#187;row&#187; use_row_as_full_screen_section=&#187;no&#187; type=&#187;grid&#187; angled_section=&#187;no&#187; text_align=&#187;left&#187; background_image_as_pattern=&#187;without_pattern&#187; css=&#187;.vc_custom_1517938704917{padding-top: 45px !important;padding-bottom: 45px !important;}&#187; z_index=&#187;&#187;][vc_column width=&#187;1\/2&#8243;][vc_column_text css=&#187;&#187;]<\/p>\n<h3>T\u00f6\u00f6andja vastutuskindlustus<\/h3>\n<p>(Employer&#8217;s Liability Insurance Policy No. 33880373\/1)<br \/>\n<strong>Kindlustusperiood: Alates 21.03.2025 kuni 20.03.2026<\/strong>[\/vc_column_text][\/vc_column][vc_column width=&#187;1\/2&#8243;][vc_column_text css=&#187;&#187;]<\/p>\n<h3>Tegevuse vastutuskindlustus<\/h3>\n<p>(Insurance Certificate Policy No. 36200579\/1)<br \/>\nKindlustusterritoorium: European Union<br \/>\n<strong>Kindlustusperiood: Alates 03.09.2025 kuni 02.09.2026<\/strong>[\/vc_column_text][\/vc_column][\/vc_row]<\/p>\n<\/div>","protected":false},"excerpt":{"rendered":"<p>[vc_row css_animation=&#187;&#187; row_type=&#187;row&#187; use_row_as_full_screen_section=&#187;no&#187; type=&#187;grid&#187; angled_section=&#187;no&#187; text_align=&#187;left&#187; background_image_as_pattern=&#187;without_pattern&#187; css=&#187;.vc_custom_1517938697547{padding-top: 45px !important;padding-bottom: 45px !important;}&#187; z_index=&#187;&#187;][vc_column width=&#187;1\/3&#8243;][vc_single_image image=&#187;16639&#8243; img_size=&#187;full&#187; qode_css_animation=&#187;&#187;][vc_separator type=&#187;transparent&#187; thickness=&#187;10&#8243;][vc_column_text] T\u00f6\u00f6turvalisus Sigmatic O\u00dc t\u00f6\u00f6tajad on l\u00e4binud Soome T\u00f6\u00f6ohutuskeskus MT\u00dc standard-t\u00f6\u00f6ohutuskoolituse\u00a0ja saanud Soome t\u00f6\u00f6ohutustunnistuse (nn roheline kaart ehk ty\u00f6turvallisuuskortti).[\/vc_column_text][\/vc_column][vc_column width=&#187;1\/3&#8243;][vc_single_image image=&#187;16642&#8243; img_size=&#187;full&#187; qode_css_animation=&#187;&#187;][vc_separator type=&#187;transparent&#187; thickness=&#187;10&#8243;][vc_column_text] Tulet\u00f6\u00f6d Tulet\u00f6id (t\u00f6\u00f6, mille tegemisel tekib s\u00e4demeid, kasutatakse leeki v\u00f5i muud kuumust, mis on\u00a0tuleohtlik &#8212; n\u00e4iteks keevitamine, ketasl\u00f5ikuri kasutamine) tohib teha isik, kellel on kehtiv\u00a0tulet\u00f6\u00f6tunnistus (Standard SFS 5900). Sigmatic O\u00dc t\u00f6\u00f6tajad on l\u00e4binud vastava\u00a0tuleohutuskoolituse ja saanud Soome tulet\u00f6\u00f6tunnistuse (nn sinine kaart ehk tulity\u00f6kortti).\u00a0Tuled\u00f6\u00f6de luba on registreeritud Soome P\u00e4\u00e4steala Keskliidus (SPEKis).[\/vc_column_text][\/vc_column][vc_column width=&#187;1\/3&#8243;][vc_single_image image=&#187;16651&#8243; img_size=&#187;full&#187; qode_css_animation=&#187;&#187;][vc_separator type=&#187;transparent&#187; thickness=&#187;10&#8243;][vc_column_text] T\u00f6\u00f6d t\u00f5stevahenditega Sigmatic O\u00dc t\u00f6\u00f6tajad omavad sisetranspordi liikurmasina kutseoskuse tunnistust T\u00f5stukijuhid v\u00f5ivad t\u00f6\u00f6tada ladudes sisetranspordivahendi liikurmasina\u00a0(sisep\u00f5lemismootoriga ja elektriajamiga laaduri, virnastaja ning k\u00e4ru) juhina. Koolitusluba v\u00e4lja antud 2011. aastal.[\/vc_column_text][\/vc_column][\/vc_row][vc_row css_animation=&#187;&#187; row_type=&#187;row&#187; use_row_as_full_screen_section=&#187;no&#187; type=&#187;full_width&#187; angled_section=&#187;no&#187; text_align=&#187;center&#187; background_image_as_pattern=&#187;without_pattern&#187; z_index=&#187;&#187; css=&#187;.vc_custom_1518030804728{background-color: #ededed !important;}&#187;][vc_column width=&#187;1\/4&#8243;][vc_single_image image=&#187;16655&#8243; img_size=&#187;full&#187; alignment=&#187;center&#187; qode_css_animation=&#187;&#187;][\/vc_column][vc_column width=&#187;1\/4&#8243;][vc_single_image image=&#187;16648&#8243; img_size=&#187;full&#187; alignment=&#187;center&#187; qode_css_animation=&#187;&#187;][\/vc_column][vc_column width=&#187;1\/4&#8243;][vc_single_image image=&#187;16654&#8243; img_size=&#187;full&#187; alignment=&#187;center&#187; qode_css_animation=&#187;&#187;][\/vc_column][vc_column width=&#187;1\/4&#8243;][vc_single_image image=&#187;16656&#8243; img_size=&#187;full&#187; alignment=&#187;center&#187; qode_css_animation=&#187;&#187;][\/vc_column][\/vc_row][vc_row css_animation=&#187;&#187; row_type=&#187;row&#187; use_row_as_full_screen_section=&#187;no&#187; type=&#187;grid&#187; angled_section=&#187;no&#187; text_align=&#187;left&#187; background_image_as_pattern=&#187;without_pattern&#187; css=&#187;.vc_custom_1517938704917{padding-top: 45px !important;padding-bottom: 45px !important;}&#187; z_index=&#187;&#187;][vc_column width=&#187;1\/2&#8243;][vc_column_text css=&#187;&#187;] T\u00f6\u00f6andja vastutuskindlustus (Employer&#8217;s Liability Insurance Policy No. 33880373\/1) Kindlustusperiood: Alates 21.03.2025 kuni 20.03.2026[\/vc_column_text][\/vc_column][vc_column width=&#187;1\/2&#8243;][vc_column_text css=&#187;&#187;] Tegevuse vastutuskindlustus (Insurance Certificate Policy No. 36200579\/1) Kindlustusterritoorium: European Union Kindlustusperiood: Alates 03.09.2025 kuni 02.09.2026[\/vc_column_text][\/vc_column][\/vc_row]<\/p>\n","protected":false},"author":1,"featured_media":0,"parent":0,"menu_order":0,"comment_status":"closed","ping_status":"closed","template":"full_width.php","meta":{"footnotes":""},"class_list":["post-17323","page","type-page","status-publish","hentry"],"yoast_head":"<!-- This site is optimized with the Yoast SEO plugin v24.3 - https:\/\/yoast.com\/wordpress\/plugins\/seo\/ -->\n<title>\u0421\u0435\u0440\u0442\u0438\u0444\u0438\u043a\u0430\u0442\u044b &#8212; Sigmatic<\/title>\n<meta name=\"description\" content=\"\u041c\u044b \u043f\u043e\u043c\u043e\u0436\u0435\u043c \u0412\u0430\u043c \u0441 \u043c\u0435\u0431\u0435\u043b\u0438\u0440\u043e\u0432\u043a\u043e\u0439 \u0441\u043a\u043b\u0430\u0434\u043e\u0432, \u043e\u0431\u0441\u043b\u0443\u0436\u0438\u0432\u0430\u044e\u0449\u0438\u0445 \u0438 \u0442\u043e\u0440\u0433\u043e\u0432\u044b\u0445 \u043f\u043e\u043c\u0435\u0449\u0435\u043d\u0438\u0439, \u0442\u0440\u0430\u043d\u0441\u043f\u043e\u043e\u0440\u0442\u0438\u0440\u043e\u0432\u043a\u043e\u0439 \u0438 \u0443\u0441\u0442\u0430\u043d\u043e\u0432\u043a\u043e\u0439 \u043c\u0435\u0431\u0435\u043b\u0438 \u0437\u0430\u043a\u0430\u0437\u0447\u0438\u043a\u0430.\" \/>\n<meta name=\"robots\" content=\"index, follow, max-snippet:-1, max-image-preview:large, max-video-preview:-1\" \/>\n<link rel=\"canonical\" href=\"https:\/\/sigmatic.ee\/ru\/%d1%81%d0%b5%d1%80%d1%82%d0%b8%d1%84%d0%b8%d0%ba%d0%b0%d1%82%d1%8b\/\" \/>\n<meta property=\"og:locale\" content=\"ru_RU\" \/>\n<meta property=\"og:type\" content=\"article\" \/>\n<meta property=\"og:title\" content=\"\u0421\u0435\u0440\u0442\u0438\u0444\u0438\u043a\u0430\u0442\u044b &#8212; Sigmatic\" \/>\n<meta property=\"og:description\" content=\"\u041c\u044b \u043f\u043e\u043c\u043e\u0436\u0435\u043c \u0412\u0430\u043c \u0441 \u043c\u0435\u0431\u0435\u043b\u0438\u0440\u043e\u0432\u043a\u043e\u0439 \u0441\u043a\u043b\u0430\u0434\u043e\u0432, \u043e\u0431\u0441\u043b\u0443\u0436\u0438\u0432\u0430\u044e\u0449\u0438\u0445 \u0438 \u0442\u043e\u0440\u0433\u043e\u0432\u044b\u0445 \u043f\u043e\u043c\u0435\u0449\u0435\u043d\u0438\u0439, \u0442\u0440\u0430\u043d\u0441\u043f\u043e\u043e\u0440\u0442\u0438\u0440\u043e\u0432\u043a\u043e\u0439 \u0438 \u0443\u0441\u0442\u0430\u043d\u043e\u0432\u043a\u043e\u0439 \u043c\u0435\u0431\u0435\u043b\u0438 \u0437\u0430\u043a\u0430\u0437\u0447\u0438\u043a\u0430.\" \/>\n<meta property=\"og:url\" content=\"https:\/\/sigmatic.ee\/ru\/%d1%81%d0%b5%d1%80%d1%82%d0%b8%d1%84%d0%b8%d0%ba%d0%b0%d1%82%d1%8b\/\" \/>\n<meta property=\"og:site_name\" content=\"Sigmatic\" \/>\n<meta property=\"article:modified_time\" content=\"2025-12-15T12:19:01+00:00\" \/>\n<meta name=\"twitter:card\" content=\"summary_large_image\" \/>\n<meta name=\"twitter:label1\" content=\"\u041f\u0440\u0438\u043c\u0435\u0440\u043d\u043e\u0435 \u0432\u0440\u0435\u043c\u044f \u0434\u043b\u044f \u0447\u0442\u0435\u043d\u0438\u044f\" \/>\n\t<meta name=\"twitter:data1\" content=\"3 \u043c\u0438\u043d\u0443\u0442\u044b\" \/>\n<script type=\"application\/ld+json\" class=\"yoast-schema-graph\">{\"@context\":\"https:\/\/schema.org\",\"@graph\":[{\"@type\":\"WebPage\",\"@id\":\"https:\/\/sigmatic.ee\/ru\/%d1%81%d0%b5%d1%80%d1%82%d0%b8%d1%84%d0%b8%d0%ba%d0%b0%d1%82%d1%8b\/\",\"url\":\"https:\/\/sigmatic.ee\/ru\/%d1%81%d0%b5%d1%80%d1%82%d0%b8%d1%84%d0%b8%d0%ba%d0%b0%d1%82%d1%8b\/\",\"name\":\"\u0421\u0435\u0440\u0442\u0438\u0444\u0438\u043a\u0430\u0442\u044b &#8212; Sigmatic\",\"isPartOf\":{\"@id\":\"https:\/\/sigmatic.ee\/ru\/#website\"},\"datePublished\":\"2018-02-06T16:23:07+00:00\",\"dateModified\":\"2025-12-15T12:19:01+00:00\",\"description\":\"\u041c\u044b \u043f\u043e\u043c\u043e\u0436\u0435\u043c \u0412\u0430\u043c \u0441 \u043c\u0435\u0431\u0435\u043b\u0438\u0440\u043e\u0432\u043a\u043e\u0439 \u0441\u043a\u043b\u0430\u0434\u043e\u0432, \u043e\u0431\u0441\u043b\u0443\u0436\u0438\u0432\u0430\u044e\u0449\u0438\u0445 \u0438 \u0442\u043e\u0440\u0433\u043e\u0432\u044b\u0445 \u043f\u043e\u043c\u0435\u0449\u0435\u043d\u0438\u0439, \u0442\u0440\u0430\u043d\u0441\u043f\u043e\u043e\u0440\u0442\u0438\u0440\u043e\u0432\u043a\u043e\u0439 \u0438 \u0443\u0441\u0442\u0430\u043d\u043e\u0432\u043a\u043e\u0439 \u043c\u0435\u0431\u0435\u043b\u0438 \u0437\u0430\u043a\u0430\u0437\u0447\u0438\u043a\u0430.\",\"breadcrumb\":{\"@id\":\"https:\/\/sigmatic.ee\/ru\/%d1%81%d0%b5%d1%80%d1%82%d0%b8%d1%84%d0%b8%d0%ba%d0%b0%d1%82%d1%8b\/#breadcrumb\"},\"inLanguage\":\"ru-RU\",\"potentialAction\":[{\"@type\":\"ReadAction\",\"target\":[\"https:\/\/sigmatic.ee\/ru\/%d1%81%d0%b5%d1%80%d1%82%d0%b8%d1%84%d0%b8%d0%ba%d0%b0%d1%82%d1%8b\/\"]}]},{\"@type\":\"BreadcrumbList\",\"@id\":\"https:\/\/sigmatic.ee\/ru\/%d1%81%d0%b5%d1%80%d1%82%d0%b8%d1%84%d0%b8%d0%ba%d0%b0%d1%82%d1%8b\/#breadcrumb\",\"itemListElement\":[{\"@type\":\"ListItem\",\"position\":1,\"name\":\"Avaleht\",\"item\":\"https:\/\/sigmatic.ee\/ru\/\"},{\"@type\":\"ListItem\",\"position\":2,\"name\":\"\u0421\u0435\u0440\u0442\u0438\u0444\u0438\u043a\u0430\u0442\u044b\"}]},{\"@type\":\"WebSite\",\"@id\":\"https:\/\/sigmatic.ee\/ru\/#website\",\"url\":\"https:\/\/sigmatic.ee\/ru\/\",\"name\":\"Sigmatic\",\"description\":\"\",\"publisher\":{\"@id\":\"https:\/\/sigmatic.ee\/ru\/#organization\"},\"potentialAction\":[{\"@type\":\"SearchAction\",\"target\":{\"@type\":\"EntryPoint\",\"urlTemplate\":\"https:\/\/sigmatic.ee\/ru\/?s={search_term_string}\"},\"query-input\":{\"@type\":\"PropertyValueSpecification\",\"valueRequired\":true,\"valueName\":\"search_term_string\"}}],\"inLanguage\":\"ru-RU\"},{\"@type\":\"Organization\",\"@id\":\"https:\/\/sigmatic.ee\/ru\/#organization\",\"name\":\"Sigmatic O\u00dc\",\"url\":\"https:\/\/sigmatic.ee\/ru\/\",\"logo\":{\"@type\":\"ImageObject\",\"inLanguage\":\"ru-RU\",\"@id\":\"https:\/\/sigmatic.ee\/ru\/#\/schema\/logo\/image\/\",\"url\":\"https:\/\/sigmatic.ee\/wp-content\/uploads\/2018\/01\/Sigmatic.png\",\"contentUrl\":\"https:\/\/sigmatic.ee\/wp-content\/uploads\/2018\/01\/Sigmatic.png\",\"width\":262,\"height\":75,\"caption\":\"Sigmatic O\u00dc\"},\"image\":{\"@id\":\"https:\/\/sigmatic.ee\/ru\/#\/schema\/logo\/image\/\"}}]}<\/script>\n<!-- \/ Yoast SEO plugin. -->","yoast_head_json":{"title":"\u0421\u0435\u0440\u0442\u0438\u0444\u0438\u043a\u0430\u0442\u044b &#8212; Sigmatic","description":"\u041c\u044b \u043f\u043e\u043c\u043e\u0436\u0435\u043c \u0412\u0430\u043c \u0441 \u043c\u0435\u0431\u0435\u043b\u0438\u0440\u043e\u0432\u043a\u043e\u0439 \u0441\u043a\u043b\u0430\u0434\u043e\u0432, \u043e\u0431\u0441\u043b\u0443\u0436\u0438\u0432\u0430\u044e\u0449\u0438\u0445 \u0438 \u0442\u043e\u0440\u0433\u043e\u0432\u044b\u0445 \u043f\u043e\u043c\u0435\u0449\u0435\u043d\u0438\u0439, \u0442\u0440\u0430\u043d\u0441\u043f\u043e\u043e\u0440\u0442\u0438\u0440\u043e\u0432\u043a\u043e\u0439 \u0438 \u0443\u0441\u0442\u0430\u043d\u043e\u0432\u043a\u043e\u0439 \u043c\u0435\u0431\u0435\u043b\u0438 \u0437\u0430\u043a\u0430\u0437\u0447\u0438\u043a\u0430.","robots":{"index":"index","follow":"follow","max-snippet":"max-snippet:-1","max-image-preview":"max-image-preview:large","max-video-preview":"max-video-preview:-1"},"canonical":"https:\/\/sigmatic.ee\/ru\/%d1%81%d0%b5%d1%80%d1%82%d0%b8%d1%84%d0%b8%d0%ba%d0%b0%d1%82%d1%8b\/","og_locale":"ru_RU","og_type":"article","og_title":"\u0421\u0435\u0440\u0442\u0438\u0444\u0438\u043a\u0430\u0442\u044b &#8212; Sigmatic","og_description":"\u041c\u044b \u043f\u043e\u043c\u043e\u0436\u0435\u043c \u0412\u0430\u043c \u0441 \u043c\u0435\u0431\u0435\u043b\u0438\u0440\u043e\u0432\u043a\u043e\u0439 \u0441\u043a\u043b\u0430\u0434\u043e\u0432, \u043e\u0431\u0441\u043b\u0443\u0436\u0438\u0432\u0430\u044e\u0449\u0438\u0445 \u0438 \u0442\u043e\u0440\u0433\u043e\u0432\u044b\u0445 \u043f\u043e\u043c\u0435\u0449\u0435\u043d\u0438\u0439, \u0442\u0440\u0430\u043d\u0441\u043f\u043e\u043e\u0440\u0442\u0438\u0440\u043e\u0432\u043a\u043e\u0439 \u0438 \u0443\u0441\u0442\u0430\u043d\u043e\u0432\u043a\u043e\u0439 \u043c\u0435\u0431\u0435\u043b\u0438 \u0437\u0430\u043a\u0430\u0437\u0447\u0438\u043a\u0430.","og_url":"https:\/\/sigmatic.ee\/ru\/%d1%81%d0%b5%d1%80%d1%82%d0%b8%d1%84%d0%b8%d0%ba%d0%b0%d1%82%d1%8b\/","og_site_name":"Sigmatic","article_modified_time":"2025-12-15T12:19:01+00:00","twitter_card":"summary_large_image","twitter_misc":{"\u041f\u0440\u0438\u043c\u0435\u0440\u043d\u043e\u0435 \u0432\u0440\u0435\u043c\u044f \u0434\u043b\u044f \u0447\u0442\u0435\u043d\u0438\u044f":"3 \u043c\u0438\u043d\u0443\u0442\u044b"},"schema":{"@context":"https:\/\/schema.org","@graph":[{"@type":"WebPage","@id":"https:\/\/sigmatic.ee\/ru\/%d1%81%d0%b5%d1%80%d1%82%d0%b8%d1%84%d0%b8%d0%ba%d0%b0%d1%82%d1%8b\/","url":"https:\/\/sigmatic.ee\/ru\/%d1%81%d0%b5%d1%80%d1%82%d0%b8%d1%84%d0%b8%d0%ba%d0%b0%d1%82%d1%8b\/","name":"\u0421\u0435\u0440\u0442\u0438\u0444\u0438\u043a\u0430\u0442\u044b &#8212; Sigmatic","isPartOf":{"@id":"https:\/\/sigmatic.ee\/ru\/#website"},"datePublished":"2018-02-06T16:23:07+00:00","dateModified":"2025-12-15T12:19:01+00:00","description":"\u041c\u044b \u043f\u043e\u043c\u043e\u0436\u0435\u043c \u0412\u0430\u043c \u0441 \u043c\u0435\u0431\u0435\u043b\u0438\u0440\u043e\u0432\u043a\u043e\u0439 \u0441\u043a\u043b\u0430\u0434\u043e\u0432, \u043e\u0431\u0441\u043b\u0443\u0436\u0438\u0432\u0430\u044e\u0449\u0438\u0445 \u0438 \u0442\u043e\u0440\u0433\u043e\u0432\u044b\u0445 \u043f\u043e\u043c\u0435\u0449\u0435\u043d\u0438\u0439, \u0442\u0440\u0430\u043d\u0441\u043f\u043e\u043e\u0440\u0442\u0438\u0440\u043e\u0432\u043a\u043e\u0439 \u0438 \u0443\u0441\u0442\u0430\u043d\u043e\u0432\u043a\u043e\u0439 \u043c\u0435\u0431\u0435\u043b\u0438 \u0437\u0430\u043a\u0430\u0437\u0447\u0438\u043a\u0430.","breadcrumb":{"@id":"https:\/\/sigmatic.ee\/ru\/%d1%81%d0%b5%d1%80%d1%82%d0%b8%d1%84%d0%b8%d0%ba%d0%b0%d1%82%d1%8b\/#breadcrumb"},"inLanguage":"ru-RU","potentialAction":[{"@type":"ReadAction","target":["https:\/\/sigmatic.ee\/ru\/%d1%81%d0%b5%d1%80%d1%82%d0%b8%d1%84%d0%b8%d0%ba%d0%b0%d1%82%d1%8b\/"]}]},{"@type":"BreadcrumbList","@id":"https:\/\/sigmatic.ee\/ru\/%d1%81%d0%b5%d1%80%d1%82%d0%b8%d1%84%d0%b8%d0%ba%d0%b0%d1%82%d1%8b\/#breadcrumb","itemListElement":[{"@type":"ListItem","position":1,"name":"Avaleht","item":"https:\/\/sigmatic.ee\/ru\/"},{"@type":"ListItem","position":2,"name":"\u0421\u0435\u0440\u0442\u0438\u0444\u0438\u043a\u0430\u0442\u044b"}]},{"@type":"WebSite","@id":"https:\/\/sigmatic.ee\/ru\/#website","url":"https:\/\/sigmatic.ee\/ru\/","name":"Sigmatic","description":"","publisher":{"@id":"https:\/\/sigmatic.ee\/ru\/#organization"},"potentialAction":[{"@type":"SearchAction","target":{"@type":"EntryPoint","urlTemplate":"https:\/\/sigmatic.ee\/ru\/?s={search_term_string}"},"query-input":{"@type":"PropertyValueSpecification","valueRequired":true,"valueName":"search_term_string"}}],"inLanguage":"ru-RU"},{"@type":"Organization","@id":"https:\/\/sigmatic.ee\/ru\/#organization","name":"Sigmatic O\u00dc","url":"https:\/\/sigmatic.ee\/ru\/","logo":{"@type":"ImageObject","inLanguage":"ru-RU","@id":"https:\/\/sigmatic.ee\/ru\/#\/schema\/logo\/image\/","url":"https:\/\/sigmatic.ee\/wp-content\/uploads\/2018\/01\/Sigmatic.png","contentUrl":"https:\/\/sigmatic.ee\/wp-content\/uploads\/2018\/01\/Sigmatic.png","width":262,"height":75,"caption":"Sigmatic O\u00dc"},"image":{"@id":"https:\/\/sigmatic.ee\/ru\/#\/schema\/logo\/image\/"}}]}},"_links":{"self":[{"href":"https:\/\/sigmatic.ee\/ru\/wp-json\/wp\/v2\/pages\/17323"}],"collection":[{"href":"https:\/\/sigmatic.ee\/ru\/wp-json\/wp\/v2\/pages"}],"about":[{"href":"https:\/\/sigmatic.ee\/ru\/wp-json\/wp\/v2\/types\/page"}],"author":[{"embeddable":true,"href":"https:\/\/sigmatic.ee\/ru\/wp-json\/wp\/v2\/users\/1"}],"replies":[{"embeddable":true,"href":"https:\/\/sigmatic.ee\/ru\/wp-json\/wp\/v2\/comments?post=17323"}],"version-history":[{"count":15,"href":"https:\/\/sigmatic.ee\/ru\/wp-json\/wp\/v2\/pages\/17323\/revisions"}],"predecessor-version":[{"id":19010,"href":"https:\/\/sigmatic.ee\/ru\/wp-json\/wp\/v2\/pages\/17323\/revisions\/19010"}],"wp:attachment":[{"href":"https:\/\/sigmatic.ee\/ru\/wp-json\/wp\/v2\/media?parent=17323"}],"curies":[{"name":"wp","href":"https:\/\/api.w.org\/{rel}","templated":true}]}}